{"id":4998,"date":"2023-11-24T21:27:58","date_gmt":"2023-11-24T21:27:58","guid":{"rendered":"https:\/\/rabaterapia.com\/?page_id=4998"},"modified":"2025-04-21T21:54:36","modified_gmt":"2025-04-21T21:54:36","slug":"cookies","status":"publish","type":"page","link":"https:\/\/rabaterapia.com\/pt\/cookies\/","title":{"rendered":"Privacy Policy | Rabaterapia"},"content":{"rendered":"<div data-elementor-type=\"wp-page\" data-elementor-id=\"4998\" class=\"elementor elementor-4998\" data-elementor-post-type=\"page\">\n\t\t\t\t\t\t<section class=\"elementor-section elementor-top-section elementor-element elementor-element-3cc3822 elementor-section-boxed elementor-section-height-default elementor-section-height-default\" data-id=\"3cc3822\" data-element_type=\"section\" data-e-type=\"section\">\n\t\t\t\t\t\t<div class=\"elementor-container elementor-column-gap-default\">\n\t\t\t\t\t<div class=\"elementor-column elementor-col-100 elementor-top-column elementor-element elementor-element-1e2ae3d\" data-id=\"1e2ae3d\" data-element_type=\"column\" data-e-type=\"column\">\n\t\t\t<div class=\"elementor-widget-wrap elementor-element-populated\">\n\t\t\t\t\t\t<div class=\"elementor-element elementor-element-2d1177c elementor-widget elementor-widget-html\" data-id=\"2d1177c\" data-element_type=\"widget\" data-e-type=\"widget\" data-widget_type=\"html.default\">\n\t\t\t\t<div class=\"elementor-widget-container\">\n\t\t\t\t\t<h2><span style=\"color: rgb(68, 68, 68);\">Pol\u00edtica de privacidade<\/span><\/h2>\n<p><span style=\"color: rgb(68, 68, 68);\">Sua privacidade \u00e9 importante para n\u00f3s. \u00c9 pol\u00edtica do Rabaterapia dance studio respeitar a sua privacidade em rela\u00e7\u00e3o a qualquer informa\u00e7\u00e3o que possamos coletar durante a opera\u00e7\u00e3o do site <a href=\"\/pt\/www.rabaterapia.com\/\">rabaterapia.com<\/a> e outros sites que possu\u00edmos e operamos.<\/span><\/p>\n<p><span style=\"color: rgb(68, 68, 68);\">Solicitamos informa\u00e7\u00f5es pessoais somente quando realmente precisamos delas para lhe fornecer um servi\u00e7o. Fazemos isso por meios justos e legais, com seu conhecimento e consentimento. Tamb\u00e9m o informamos por que estamos coletando essas informa\u00e7\u00f5es e como elas ser\u00e3o usadas.<\/span><\/p>\n<p><span style=\"color: rgb(68, 68, 68);\">Retemos as informa\u00e7\u00f5es coletadas somente durante o tempo necess\u00e1rio para fornecer o servi\u00e7o solicitado. Quando armazenamos dados, n\u00f3s os protegemos com meios comercialmente aceit\u00e1veis para evitar perda e roubo, bem como acesso, divulga\u00e7\u00e3o, c\u00f3pia, uso ou modifica\u00e7\u00e3o n\u00e3o autorizados.<\/span><\/p>\n<p><span style=\"color: rgb(68, 68, 68);\">N\u00e3o compartilhamos informa\u00e7\u00f5es de identifica\u00e7\u00e3o pessoal publicamente ou com terceiros, a menos que exigido por lei.<\/span><\/p>\n<p><span style=\"color: rgb(68, 68, 68);\">Nosso site pode ter links para sites externos que n\u00e3o s\u00e3o operados por n\u00f3s. Esteja ciente de que n\u00e3o temos controle sobre o conte\u00fado e as pr\u00e1ticas desses sites e n\u00e3o podemos aceitar a responsabilidade por seus respectivos <a href=\"https:\/\/politicaprivacidade.com\/\" rel=\"noopener noreferrer\" target=\"_blank\" style=\"background-color: transparent; color: rgb(68, 68, 68);\">pol\u00edticas de privacidade<\/a>.<\/span><\/p>\n<p><span style=\"color: rgb(68, 68, 68);\">Voc\u00ea tem a liberdade de recusar nossa solicita\u00e7\u00e3o de informa\u00e7\u00f5es pessoais, entendendo que talvez n\u00e3o possamos fornecer alguns dos servi\u00e7os desejados.<\/span><\/p>\n<p><span style=\"color: rgb(68, 68, 68);\">O uso cont\u00ednuo de nosso site ser\u00e1 considerado como aceita\u00e7\u00e3o de nossas pr\u00e1ticas com rela\u00e7\u00e3o \u00e0 privacidade e \u00e0s informa\u00e7\u00f5es pessoais. Se tiver alguma d\u00favida sobre como lidamos com dados de usu\u00e1rios e informa\u00e7\u00f5es pessoais, entre em contato conosco.<\/span><\/p>\n<h2><span style=\"color: rgb(68, 68, 68);\">Compromisso do usu\u00e1rio<\/span><\/h2>\n<p><span style=\"color: rgb(68, 68, 68);\">O usu\u00e1rio se compromete a fazer uso adequado do conte\u00fado e das informa\u00e7\u00f5es que o est\u00fadio de dan\u00e7a Rabaterapia fornece no site, incluindo, mas n\u00e3o se limitando a:<\/span><\/p>\n<li><span style=\"color: rgb(68, 68, 68);\">N\u00e3o se envolver em atividades ilegais ou contr\u00e1rias \u00e0 boa f\u00e9 e \u00e0 ordem p\u00fablica;<\/span><\/li>\n<li><span style=\"color: rgb(68, 68, 68);\">N\u00e3o divulgar conte\u00fado racista, xen\u00f3fobo ou qualquer tipo de pornografia ilegal, conte\u00fado que promova o terrorismo ou viole os direitos humanos;<\/span><\/li>\n<li><span style=\"color: rgb(68, 68, 68);\">N\u00e3o causar danos aos sistemas f\u00edsicos e l\u00f3gicos do est\u00fadio de dan\u00e7a Rabaterapia, de seus fornecedores ou de terceiros, introduzindo ou disseminando v\u00edrus de computador ou quaisquer outros sistemas de hardware ou software capazes de causar os danos acima mencionados.<\/span><\/p>\n<p><span style=\"color: rgb(68, 68, 68);\">Esta pol\u00edtica entra em vigor a partir de 24 de novembro de 2023 21:27<\/span><\/p>\n\t\t\t\t<\/div>\n\t\t\t\t<\/div>\n\t\t\t\t\t<\/div>\n\t\t<\/div>\n\t\t\t\t\t<\/div>\n\t\t<\/section>\n\t\t\t\t<\/div>","protected":false},"excerpt":{"rendered":"<p>Privacy Policy Your privacy is important to us. It is the policy of Rabaterapia dance studio to respect your privacy regarding any information we may collect while operating the website rabaterapia.com and other sites we own and operate. We request personal information only when we truly need it to provide you with a service. We [&hellip;]<\/p>\n","protected":false},"author":3,"featured_media":0,"parent":0,"menu_order":0,"comment_status":"closed","ping_status":"closed","template":"","meta":{"om_disable_all_campaigns":false,"_monsterinsights_skip_tracking":false,"_monsterinsights_sitenote_active":false,"_monsterinsights_sitenote_note":"","_monsterinsights_sitenote_category":0,"footnotes":""},"class_list":["post-4998","page","type-page","status-publish","hentry"],"aioseo_notices":[],"_links":{"self":[{"href":"https:\/\/rabaterapia.com\/pt\/wp-json\/wp\/v2\/pages\/4998","targetHints":{"allow":["GET"]}}],"collection":[{"href":"https:\/\/rabaterapia.com\/pt\/wp-json\/wp\/v2\/pages"}],"about":[{"href":"https:\/\/rabaterapia.com\/pt\/wp-json\/wp\/v2\/types\/page"}],"author":[{"embeddable":true,"href":"https:\/\/rabaterapia.com\/pt\/wp-json\/wp\/v2\/users\/3"}],"replies":[{"embeddable":true,"href":"https:\/\/rabaterapia.com\/pt\/wp-json\/wp\/v2\/comments?post=4998"}],"version-history":[{"count":10,"href":"https:\/\/rabaterapia.com\/pt\/wp-json\/wp\/v2\/pages\/4998\/revisions"}],"predecessor-version":[{"id":27179,"href":"https:\/\/rabaterapia.com\/pt\/wp-json\/wp\/v2\/pages\/4998\/revisions\/27179"}],"wp:attachment":[{"href":"https:\/\/rabaterapia.com\/pt\/wp-json\/wp\/v2\/media?parent=4998"}],"curies":[{"name":"wp","href":"https:\/\/api.w.org\/{rel}","templated":true}]}}