{"id":27623,"date":"2025-05-13T22:42:57","date_gmt":"2025-05-13T22:42:57","guid":{"rendered":"https:\/\/rabaterapia.com\/?page_id=27623"},"modified":"2025-05-20T20:13:25","modified_gmt":"2025-05-20T20:13:25","slug":"kids","status":"publish","type":"page","link":"https:\/\/rabaterapia.com\/pt\/kids\/","title":{"rendered":"Kids"},"content":{"rendered":"<div data-elementor-type=\"wp-page\" data-elementor-id=\"27623\" class=\"elementor elementor-27623\" data-elementor-post-type=\"page\">\n\t\t\t\t\t\t<section class=\"elementor-section elementor-top-section elementor-element elementor-element-1630e085 elementor-section-full_width elementor-section-height-default elementor-section-height-default\" data-id=\"1630e085\" data-element_type=\"section\" data-e-type=\"section\" data-settings=\"{&quot;background_background&quot;:&quot;classic&quot;}\">\n\t\t\t\t\t\t<div class=\"elementor-container elementor-column-gap-default\">\n\t\t\t\t\t<div class=\"elementor-column elementor-col-50 elementor-top-column elementor-element elementor-element-22729fcb\" data-id=\"22729fcb\" data-element_type=\"column\" data-e-type=\"column\">\n\t\t\t<div class=\"elementor-widget-wrap elementor-element-populated\">\n\t\t\t\t\t\t<div class=\"elementor-element elementor-element-1e1b38d elementor-widget__width-initial elementor-widget-mobile__width-initial elementor-invisible elementor-widget elementor-widget-image\" data-id=\"1e1b38d\" data-element_type=\"widget\" data-e-type=\"widget\" data-settings=\"{&quot;_animation&quot;:&quot;bounceIn&quot;}\" data-widget_type=\"image.default\">\n\t\t\t\t<div class=\"elementor-widget-container\">\n\t\t\t\t\t\t\t\t\t\t\t\t\t\t\t<img fetchpriority=\"high\" decoding=\"async\" width=\"800\" height=\"800\" src=\"https:\/\/rabaterapia.com\/wp-content\/uploads\/2025\/05\/Gif_Kids_Raba.gif\" class=\"attachment-large size-large wp-image-27716\" alt=\"\" \/>\t\t\t\t\t\t\t\t\t\t\t\t\t\t\t<\/div>\n\t\t\t\t<\/div>\n\t\t\t\t\t<\/div>\n\t\t<\/div>\n\t\t\t\t<div class=\"elementor-column elementor-col-50 elementor-top-column elementor-element elementor-element-43780447\" data-id=\"43780447\" data-element_type=\"column\" data-e-type=\"column\">\n\t\t\t<div class=\"elementor-widget-wrap elementor-element-populated\">\n\t\t\t\t\t\t<div class=\"elementor-element elementor-element-5fca4999 elementor-widget elementor-widget-heading\" data-id=\"5fca4999\" data-element_type=\"widget\" data-e-type=\"widget\" data-widget_type=\"heading.default\">\n\t\t\t\t<div class=\"elementor-widget-container\">\n\t\t\t\t\t<h2 class=\"elementor-heading-title elementor-size-default\">Programa de Dan\u00e7a Infantil<\/h2>\t\t\t\t<\/div>\n\t\t\t\t<\/div>\n\t\t\t\t<div class=\"elementor-element elementor-element-a826fd1 elementor-headline--style-highlight elementor-widget elementor-widget-animated-headline\" data-id=\"a826fd1\" data-element_type=\"widget\" data-e-type=\"widget\" data-settings=\"{&quot;marker&quot;:&quot;underline_zigzag&quot;,&quot;highlighted_text&quot;:&quot;Growth!&quot;,&quot;headline_style&quot;:&quot;highlight&quot;,&quot;loop&quot;:&quot;yes&quot;,&quot;highlight_animation_duration&quot;:1200,&quot;highlight_iteration_delay&quot;:8000}\" data-widget_type=\"animated-headline.default\">\n\t\t\t\t<div class=\"elementor-widget-container\">\n\t\t\t\t\t\t\t<h3 class=\"elementor-headline translation-block\"><span class=\"elementor-headline-plain-text elementor-headline-text-wrapper\">Pronta pra entrar<\/span>\n<span class=\"elementor-headline-dynamic-wrapper elementor-headline-text-wrapper\">\n\t<span class=\"elementor-headline-dynamic-text elementor-headline-text-active\">na melhor<\/span>\n<\/span>\n<span class=\"elementor-headline-plain-text elementor-headline-text-wrapper\">comunidade de Montreal?<\/span><\/h3>\n\t\t\t\t\t\t<\/div>\n\t\t\t\t<\/div>\n\t\t\t\t<div class=\"elementor-element elementor-element-65f83ef2 elementor-widget__width-initial elementor-widget elementor-widget-text-editor\" data-id=\"65f83ef2\" data-element_type=\"widget\" data-e-type=\"widget\" data-widget_type=\"text-editor.default\">\n\t\t\t\t<div class=\"elementor-widget-container\">\n\t\t\t\t\t\t\t\t\t<p class=\"\" data-start=\"0\" data-end=\"334\"><strong data-start=\"263\" data-end=\"341\">Para crian\u00e7as de 7 a 11 anos que amam dan\u00e7ar, se expressar e se divertir!<br \/><\/strong><\/p>\t\t\t\t\t\t\t\t<\/div>\n\t\t\t\t<\/div>\n\t\t\t\t<div class=\"elementor-element elementor-element-15dc4e5 elementor-widget__width-initial elementor-widget elementor-widget-text-editor\" data-id=\"15dc4e5\" data-element_type=\"widget\" data-e-type=\"widget\" data-widget_type=\"text-editor.default\">\n\t\t\t\t<div class=\"elementor-widget-container\">\n\t\t\t\t\t\t\t\t\t<p class=\"translation-block\" data-start=\"176\" data-end=\"596\">Neste ver\u00e3o, que tal ver seu filho(a) crescendo, se mexendo e brilhando como nunca? \u2728 Nosso <strong data-start=\"248\" data-end=\"289\">Programa de Dan\u00e7a Infantil \u2013 N\u00edvel 1<\/strong> foi pensado pra crian\u00e7as de 7 a 11 anos que s\u00e3o curiosas, cheias de energia e prontas pra mergulhar no mundinho m\u00e1gico da dan\u00e7a. Ser\u00e3o 4 semanas cheias de movimento, t\u00e9cnica, alongamento e coreografia \u2014 tudo isso num ambiente acolhedor, divertido e com muita m\u00fasica boa! E pra fechar com chave de ouro, a turma vai gravar um v\u00eddeo final celebrando tudo o que aprendeu!<\/p><p class=\"\" data-start=\"598\" data-end=\"745\">Se seu filho est\u00e1 come\u00e7ando a dan\u00e7ar ou j\u00e1 ama se movimentar, esse programa vai ajudar a construir confian\u00e7a, desenvolver disciplina e cultivar o amor pela dan\u00e7a desde cedo.<\/p>\t\t\t\t\t\t\t\t<\/div>\n\t\t\t\t<\/div>\n\t\t\t\t<div class=\"elementor-element elementor-element-2e465d1 elementor-widget__width-initial elementor-widget elementor-widget-text-editor\" data-id=\"2e465d1\" data-element_type=\"widget\" data-e-type=\"widget\" data-widget_type=\"text-editor.default\">\n\t\t\t\t<div class=\"elementor-widget-container\">\n\t\t\t\t\t\t\t\t\t<ul><li class=\"cvGsUA direction-ltr align-start para-style-body translation-block\"><strong data-start=\"1038\" data-end=\"1048\">Datas: <\/strong>Quintas-feiras<\/li><li class=\"cvGsUA direction-ltr align-start para-style-body translation-block\"><strong>Hor\u00e1rio:<\/strong> 15h00 \u2013 16h30<\/li><li class=\"cvGsUA direction-ltr align-start para-style-body\"><strong data-start=\"1092\" data-end=\"1102\">In\u00edcio:<\/strong> 26 de junho<\/li><li class=\"cvGsUA direction-ltr align-start para-style-body translation-block\"><strong data-start=\"1113\" data-end=\"1121\">T\u00e9rmino:<\/strong> 17 de julho<\/li><li class=\"translation-block\">Apenas<strong> 15 vagas dispon\u00edveis<\/strong><\/li><li>O programa introdut\u00f3rio custa apenas R$60<\/li><\/ul>\t\t\t\t\t\t\t\t<\/div>\n\t\t\t\t<\/div>\n\t\t\t\t<div class=\"elementor-element elementor-element-49fb3ac1 elementor-mobile-align-center elementor-align-justify elementor-widget elementor-widget-button\" data-id=\"49fb3ac1\" data-element_type=\"widget\" data-e-type=\"widget\" data-widget_type=\"button.default\">\n\t\t\t\t<div class=\"elementor-widget-container\">\n\t\t\t\t\t\t\t\t\t<div class=\"elementor-button-wrapper\">\n\t\t\t\t\t<a class=\"elementor-button elementor-button-link elementor-size-sm elementor-animation-grow\" href=\"https:\/\/momence.com\/dashboard\/intake-form\/q27ndm5XWP\">\n\t\t\t\t\t\t<span class=\"elementor-button-content-wrapper\">\n\t\t\t\t\t\t\t\t\t<span class=\"elementor-button-text\">ENTRAR NA LISTA DE ESPERA<\/span>\n\t\t\t\t\t<\/span>\n\t\t\t\t\t<\/a>\n\t\t\t\t<\/div>\n\t\t\t\t\t\t\t\t<\/div>\n\t\t\t\t<\/div>\n\t\t\t\t\t<\/div>\n\t\t<\/div>\n\t\t\t\t\t<\/div>\n\t\t<\/section>\n\t\t\t\t<section class=\"elementor-section elementor-top-section elementor-element elementor-element-29e0c42b elementor-section-full_width elementor-section-height-default elementor-section-height-default\" data-id=\"29e0c42b\" data-element_type=\"section\" data-e-type=\"section\" data-settings=\"{&quot;background_background&quot;:&quot;classic&quot;}\">\n\t\t\t\t\t\t<div class=\"elementor-container elementor-column-gap-default\">\n\t\t\t\t\t<div class=\"elementor-column elementor-col-100 elementor-top-column elementor-element elementor-element-631b35a\" data-id=\"631b35a\" data-element_type=\"column\" data-e-type=\"column\">\n\t\t\t<div class=\"elementor-widget-wrap elementor-element-populated\">\n\t\t\t\t\t\t<div class=\"elementor-element elementor-element-8e91ab3 elementor-widget elementor-widget-heading\" data-id=\"8e91ab3\" data-element_type=\"widget\" data-e-type=\"widget\" data-widget_type=\"heading.default\">\n\t\t\t\t<div class=\"elementor-widget-container\">\n\t\t\t\t\t<h2 class=\"elementor-heading-title elementor-size-default translation-block\">O que <b>esperar<\/b> do nosso programa de ver\u00e3o?<\/h2>\t\t\t\t<\/div>\n\t\t\t\t<\/div>\n\t\t\t\t\t<\/div>\n\t\t<\/div>\n\t\t\t\t\t<\/div>\n\t\t<\/section>\n\t\t\t\t<section class=\"elementor-section elementor-top-section elementor-element elementor-element-6a1f2cfc elementor-section-full_width elementor-section-height-default elementor-section-height-default\" data-id=\"6a1f2cfc\" data-element_type=\"section\" data-e-type=\"section\" data-settings=\"{&quot;background_background&quot;:&quot;classic&quot;}\">\n\t\t\t\t\t\t<div class=\"elementor-container elementor-column-gap-default\">\n\t\t\t\t\t<div class=\"elementor-column elementor-col-25 elementor-top-column elementor-element elementor-element-5d0b9fcf\" data-id=\"5d0b9fcf\" data-element_type=\"column\" data-e-type=\"column\">\n\t\t\t<div class=\"elementor-widget-wrap elementor-element-populated\">\n\t\t\t\t\t\t<div class=\"elementor-element elementor-element-f050a42 elementor-view-default elementor-widget elementor-widget-icon\" data-id=\"f050a42\" data-element_type=\"widget\" data-e-type=\"widget\" data-widget_type=\"icon.default\">\n\t\t\t\t<div class=\"elementor-widget-container\">\n\t\t\t\t\t\t\t<div class=\"elementor-icon-wrapper\">\n\t\t\t<div class=\"elementor-icon\">\n\t\t\t<i aria-hidden=\"true\" class=\"fas fa-check-circle\"><\/i>\t\t\t<\/div>\n\t\t<\/div>\n\t\t\t\t\t\t<\/div>\n\t\t\t\t<\/div>\n\t\t\t\t<div class=\"elementor-element elementor-element-191872ec elementor-widget elementor-widget-heading\" data-id=\"191872ec\" data-element_type=\"widget\" data-e-type=\"widget\" data-widget_type=\"heading.default\">\n\t\t\t\t<div class=\"elementor-widget-container\">\n\t\t\t\t\t<h2 class=\"elementor-heading-title elementor-size-default\">Alongamento<\/h2>\t\t\t\t<\/div>\n\t\t\t\t<\/div>\n\t\t\t\t<div class=\"elementor-element elementor-element-514ebf8 elementor-widget elementor-widget-text-editor\" data-id=\"514ebf8\" data-element_type=\"widget\" data-e-type=\"widget\" data-widget_type=\"text-editor.default\">\n\t\t\t\t<div class=\"elementor-widget-container\">\n\t\t\t\t\t\t\t\t\t<p>As crian\u00e7as v\u00e3o aprender a se aquecer e se alongar corretamente \u2014 desenvolvendo a flexibilidade e a disciplina necess\u00e1rias para dan\u00e7ar com seguran\u00e7a e confian\u00e7a.<\/p>\t\t\t\t\t\t\t\t<\/div>\n\t\t\t\t<\/div>\n\t\t\t\t\t<\/div>\n\t\t<\/div>\n\t\t\t\t<div class=\"elementor-column elementor-col-25 elementor-top-column elementor-element elementor-element-535b9a59\" data-id=\"535b9a59\" data-element_type=\"column\" data-e-type=\"column\">\n\t\t\t<div class=\"elementor-widget-wrap elementor-element-populated\">\n\t\t\t\t\t\t<div class=\"elementor-element elementor-element-c33e763 elementor-view-default elementor-widget elementor-widget-icon\" data-id=\"c33e763\" data-element_type=\"widget\" data-e-type=\"widget\" data-widget_type=\"icon.default\">\n\t\t\t\t<div class=\"elementor-widget-container\">\n\t\t\t\t\t\t\t<div class=\"elementor-icon-wrapper\">\n\t\t\t<div class=\"elementor-icon\">\n\t\t\t<i aria-hidden=\"true\" class=\"fas fa-fire\"><\/i>\t\t\t<\/div>\n\t\t<\/div>\n\t\t\t\t\t\t<\/div>\n\t\t\t\t<\/div>\n\t\t\t\t<div class=\"elementor-element elementor-element-15180d19 elementor-widget elementor-widget-heading\" data-id=\"15180d19\" data-element_type=\"widget\" data-e-type=\"widget\" data-widget_type=\"heading.default\">\n\t\t\t\t<div class=\"elementor-widget-container\">\n\t\t\t\t\t<h2 class=\"elementor-heading-title elementor-size-default\">T\u00e9cnica<\/h2>\t\t\t\t<\/div>\n\t\t\t\t<\/div>\n\t\t\t\t<div class=\"elementor-element elementor-element-52c3e062 elementor-widget elementor-widget-text-editor\" data-id=\"52c3e062\" data-element_type=\"widget\" data-e-type=\"widget\" data-widget_type=\"text-editor.default\">\n\t\t\t\t<div class=\"elementor-widget-container\">\n\t\t\t\t\t\t\t\t\t<p>Vamos introduzir a t\u00e9cnica do jazz e sua fus\u00e3o com a dan\u00e7a comercial. A cada semana, uma nova habilidade \u00e9 desbloqueada. Disciplina e criatividade andam juntas!<\/p>\t\t\t\t\t\t\t\t<\/div>\n\t\t\t\t<\/div>\n\t\t\t\t\t<\/div>\n\t\t<\/div>\n\t\t\t\t<div class=\"elementor-column elementor-col-25 elementor-top-column elementor-element elementor-element-68b6b451\" data-id=\"68b6b451\" data-element_type=\"column\" data-e-type=\"column\">\n\t\t\t<div class=\"elementor-widget-wrap elementor-element-populated\">\n\t\t\t\t\t\t<div class=\"elementor-element elementor-element-50cfa7db elementor-view-default elementor-widget elementor-widget-icon\" data-id=\"50cfa7db\" data-element_type=\"widget\" data-e-type=\"widget\" data-widget_type=\"icon.default\">\n\t\t\t\t<div class=\"elementor-widget-container\">\n\t\t\t\t\t\t\t<div class=\"elementor-icon-wrapper\">\n\t\t\t<div class=\"elementor-icon\">\n\t\t\t<i aria-hidden=\"true\" class=\"fas fa-music\"><\/i>\t\t\t<\/div>\n\t\t<\/div>\n\t\t\t\t\t\t<\/div>\n\t\t\t\t<\/div>\n\t\t\t\t<div class=\"elementor-element elementor-element-68543e63 elementor-widget elementor-widget-heading\" data-id=\"68543e63\" data-element_type=\"widget\" data-e-type=\"widget\" data-widget_type=\"heading.default\">\n\t\t\t\t<div class=\"elementor-widget-container\">\n\t\t\t\t\t<h2 class=\"elementor-heading-title elementor-size-default\"> COREOGRAFIA<\/h2>\t\t\t\t<\/div>\n\t\t\t\t<\/div>\n\t\t\t\t<div class=\"elementor-element elementor-element-2d26eb7a elementor-widget elementor-widget-text-editor\" data-id=\"2d26eb7a\" data-element_type=\"widget\" data-e-type=\"widget\" data-widget_type=\"text-editor.default\">\n\t\t\t\t<div class=\"elementor-widget-container\">\n\t\t\t\t\t\t\t\t\t<p>Da musicalidade \u00e0 coordena\u00e7\u00e3o e mem\u00f3ria, os alunos v\u00e3o construir sequ\u00eancias coreografadas que fortalecem o corpo e a express\u00e3o pessoal.<\/p>\t\t\t\t\t\t\t\t<\/div>\n\t\t\t\t<\/div>\n\t\t\t\t\t<\/div>\n\t\t<\/div>\n\t\t\t\t<div class=\"elementor-column elementor-col-25 elementor-top-column elementor-element elementor-element-21be963f\" data-id=\"21be963f\" data-element_type=\"column\" data-e-type=\"column\">\n\t\t\t<div class=\"elementor-widget-wrap elementor-element-populated\">\n\t\t\t\t\t\t<div class=\"elementor-element elementor-element-2290c87a elementor-view-default elementor-widget elementor-widget-icon\" data-id=\"2290c87a\" data-element_type=\"widget\" data-e-type=\"widget\" data-widget_type=\"icon.default\">\n\t\t\t\t<div class=\"elementor-widget-container\">\n\t\t\t\t\t\t\t<div class=\"elementor-icon-wrapper\">\n\t\t\t<div class=\"elementor-icon\">\n\t\t\t<i aria-hidden=\"true\" class=\"fas fa-heartbeat\"><\/i>\t\t\t<\/div>\n\t\t<\/div>\n\t\t\t\t\t\t<\/div>\n\t\t\t\t<\/div>\n\t\t\t\t<div class=\"elementor-element elementor-element-44bebfd7 elementor-widget elementor-widget-heading\" data-id=\"44bebfd7\" data-element_type=\"widget\" data-e-type=\"widget\" data-widget_type=\"heading.default\">\n\t\t\t\t<div class=\"elementor-widget-container\">\n\t\t\t\t\t<h2 class=\"elementor-heading-title elementor-size-default\">Apresenta\u00e7\u00e3o<\/h2>\t\t\t\t<\/div>\n\t\t\t\t<\/div>\n\t\t\t\t<div class=\"elementor-element elementor-element-2c75a14d elementor-widget elementor-widget-text-editor\" data-id=\"2c75a14d\" data-element_type=\"widget\" data-e-type=\"widget\" data-widget_type=\"text-editor.default\">\n\t\t\t\t<div class=\"elementor-widget-container\">\n\t\t\t\t\t\t\t\t\t<p>Vamos encerrar com um v\u00eddeo de dan\u00e7a! As crian\u00e7as v\u00e3o explorar a arte de contar hist\u00f3rias e expressar emo\u00e7\u00f5es por meio do movimento.<\/p>\t\t\t\t\t\t\t\t<\/div>\n\t\t\t\t<\/div>\n\t\t\t\t\t<\/div>\n\t\t<\/div>\n\t\t\t\t\t<\/div>\n\t\t<\/section>\n\t\t\t\t<section class=\"elementor-section elementor-top-section elementor-element elementor-element-5904a202 elementor-section-full_width elementor-section-height-default elementor-section-height-default\" data-id=\"5904a202\" data-element_type=\"section\" data-e-type=\"section\" data-settings=\"{&quot;background_background&quot;:&quot;classic&quot;}\">\n\t\t\t\t\t\t<div class=\"elementor-container elementor-column-gap-no\">\n\t\t\t\t\t<div class=\"elementor-column elementor-col-50 elementor-top-column elementor-element elementor-element-1a83944c\" data-id=\"1a83944c\" data-element_type=\"column\" data-e-type=\"column\">\n\t\t\t<div class=\"elementor-widget-wrap elementor-element-populated\">\n\t\t\t\t\t\t<div class=\"elementor-element elementor-element-2d7b567e elementor-widget-mobile__width-initial elementor-headline--style-highlight elementor-widget elementor-widget-animated-headline\" data-id=\"2d7b567e\" data-element_type=\"widget\" data-e-type=\"widget\" data-settings=\"{&quot;marker&quot;:&quot;curly&quot;,&quot;highlighted_text&quot;:&quot;INSTRUCTOR&quot;,&quot;headline_style&quot;:&quot;highlight&quot;,&quot;loop&quot;:&quot;yes&quot;,&quot;highlight_animation_duration&quot;:1200,&quot;highlight_iteration_delay&quot;:8000}\" data-widget_type=\"animated-headline.default\">\n\t\t\t\t<div class=\"elementor-widget-container\">\n\t\t\t\t\t\t\t<h3 class=\"elementor-headline translation-block\"><span class=\"elementor-headline-plain-text elementor-headline-text-wrapper\">SOBRE SUA <\/span>\n<span class=\"elementor-headline-dynamic-wrapper elementor-headline-text-wrapper\">\n\t<span class=\"elementor-headline-dynamic-text elementor-headline-text-active\">INSTRUTORA<\/span>\n\t<\/span><\/h3>\n\t\t\t\t\t\t<\/div>\n\t\t\t\t<\/div>\n\t\t\t\t<div class=\"elementor-element elementor-element-67a5e9e0 elementor-widget__width-initial elementor-widget-tablet__width-initial elementor-widget-mobile__width-initial elementor-widget elementor-widget-text-editor\" data-id=\"67a5e9e0\" data-element_type=\"widget\" data-e-type=\"widget\" data-widget_type=\"text-editor.default\">\n\t\t\t\t<div class=\"elementor-widget-container\">\n\t\t\t\t\t\t\t\t\t<p class=\"translation-block\">Oi! Eu sou a <strong>Majo Tirado<\/strong>,<\/p><p class=\"translation-block\" data-start=\"160\" data-end=\"418\">Sou bailarina e atriz profissional com mais de 10 anos de experi\u00eancia em teatro musical, atuando em produ\u00e7\u00f5es como <em data-start=\"311\" data-end=\"318\">Annie<\/em>, <em data-start=\"320\" data-end=\"331\">Hairspray<\/em> e <em data-start=\"337\" data-end=\"356\">A Fam\u00edlia Addams<\/em>. Mas, mais do que o palco, minha verdadeira paix\u00e3o \u00e9 ensinar crian\u00e7as.<\/p><p class=\"\" data-start=\"420\" data-end=\"734\">Trabalhar com crian\u00e7as e adolescentes me traz uma alegria imensa. Em cada aula, crio um espa\u00e7o seguro e acolhedor, onde cada crian\u00e7a pode crescer, ganhar confian\u00e7a e se expressar por meio do movimento. Trabalhamos alongamento, t\u00e9cnica de dan\u00e7a e coreografia \u2014 sempre de um jeito divertido, envolvente e adequado para a idade.<\/p><p class=\"\" data-start=\"736\" data-end=\"909\">Meu objetivo \u00e9 fazer com que cada aluno se sinta visto, acolhido e empolgado para aprender. Seja seu filho novo na dan\u00e7a ou j\u00e1 apaixonado por se movimentar, ele ser\u00e1 recebido de bra\u00e7os abertos.<\/p><p class=\"\" data-start=\"911\" data-end=\"1018\">Vai ser uma honra dan\u00e7ar com eles neste ver\u00e3o! &lt;3<\/p>\t\t\t\t\t\t\t\t<\/div>\n\t\t\t\t<\/div>\n\t\t\t\t\t<\/div>\n\t\t<\/div>\n\t\t\t\t<div class=\"elementor-column elementor-col-50 elementor-top-column elementor-element elementor-element-1687cc9a\" data-id=\"1687cc9a\" data-element_type=\"column\" data-e-type=\"column\" data-settings=\"{&quot;background_background&quot;:&quot;classic&quot;}\">\n\t\t\t<div class=\"elementor-widget-wrap elementor-element-populated\">\n\t\t\t\t\t\t<div class=\"elementor-element elementor-element-a2edb56 elementor-widget__width-initial elementor-widget-tablet__width-initial elementor-widget-mobile__width-initial e-transform elementor-widget elementor-widget-image\" data-id=\"a2edb56\" data-element_type=\"widget\" data-e-type=\"widget\" data-settings=\"{&quot;_transform_rotateZ_effect&quot;:{&quot;unit&quot;:&quot;px&quot;,&quot;size&quot;:-5,&quot;sizes&quot;:[]},&quot;_animation&quot;:&quot;none&quot;,&quot;_transform_rotateZ_effect_tablet&quot;:{&quot;unit&quot;:&quot;deg&quot;,&quot;size&quot;:&quot;&quot;,&quot;sizes&quot;:[]},&quot;_transform_rotateZ_effect_mobile&quot;:{&quot;unit&quot;:&quot;deg&quot;,&quot;size&quot;:&quot;&quot;,&quot;sizes&quot;:[]}}\" data-widget_type=\"image.default\">\n\t\t\t\t<div class=\"elementor-widget-container\">\n\t\t\t\t\t\t\t\t\t\t\t\t\t\t\t<img decoding=\"async\" width=\"800\" height=\"800\" src=\"https:\/\/rabaterapia.com\/wp-content\/uploads\/2025\/05\/Majo-1024x1024.png\" class=\"attachment-large size-large wp-image-27650\" alt=\"\" srcset=\"https:\/\/rabaterapia.com\/wp-content\/uploads\/2025\/05\/Majo-1024x1024.png 1024w, https:\/\/rabaterapia.com\/wp-content\/uploads\/2025\/05\/Majo-300x300.png 300w, https:\/\/rabaterapia.com\/wp-content\/uploads\/2025\/05\/Majo-150x150.png 150w, https:\/\/rabaterapia.com\/wp-content\/uploads\/2025\/05\/Majo-768x768.png 768w, https:\/\/rabaterapia.com\/wp-content\/uploads\/2025\/05\/Majo-12x12.png 12w, https:\/\/rabaterapia.com\/wp-content\/uploads\/2025\/05\/Majo.png 1050w\" sizes=\"(max-width: 800px) 100vw, 800px\" \/>\t\t\t\t\t\t\t\t\t\t\t\t\t\t\t<\/div>\n\t\t\t\t<\/div>\n\t\t\t\t\t<\/div>\n\t\t<\/div>\n\t\t\t\t\t<\/div>\n\t\t<\/section>\n\t\t\t\t<\/div>","protected":false},"excerpt":{"rendered":"<p>Summer Kids Dance Program 4 Weeks of Movement, Fun, and Growth! For kids ages 7 to 11 who love to dance, express themselves, and have fun! This summer, give your child the chance to grow, move, and shine! Our Kids Dance Program \u2013 Level 1 is designed for young dancers (ages 7\u201311) who are curious, [&hellip;]<\/p>\n","protected":false},"author":3,"featured_media":0,"parent":0,"menu_order":0,"comment_status":"closed","ping_status":"closed","template":"","meta":{"om_disable_all_campaigns":false,"_monsterinsights_skip_tracking":false,"_monsterinsights_sitenote_active":false,"_monsterinsights_sitenote_note":"","_monsterinsights_sitenote_category":0,"footnotes":""},"class_list":["post-27623","page","type-page","status-publish","hentry"],"aioseo_notices":[],"_links":{"self":[{"href":"https:\/\/rabaterapia.com\/pt\/wp-json\/wp\/v2\/pages\/27623","targetHints":{"allow":["GET"]}}],"collection":[{"href":"https:\/\/rabaterapia.com\/pt\/wp-json\/wp\/v2\/pages"}],"about":[{"href":"https:\/\/rabaterapia.com\/pt\/wp-json\/wp\/v2\/types\/page"}],"author":[{"embeddable":true,"href":"https:\/\/rabaterapia.com\/pt\/wp-json\/wp\/v2\/users\/3"}],"replies":[{"embeddable":true,"href":"https:\/\/rabaterapia.com\/pt\/wp-json\/wp\/v2\/comments?post=27623"}],"version-history":[{"count":10,"href":"https:\/\/rabaterapia.com\/pt\/wp-json\/wp\/v2\/pages\/27623\/revisions"}],"predecessor-version":[{"id":28189,"href":"https:\/\/rabaterapia.com\/pt\/wp-json\/wp\/v2\/pages\/27623\/revisions\/28189"}],"wp:attachment":[{"href":"https:\/\/rabaterapia.com\/pt\/wp-json\/wp\/v2\/media?parent=27623"}],"curies":[{"name":"wp","href":"https:\/\/api.w.org\/{rel}","templated":true}]}}