{"id":24461,"date":"2025-03-27T17:16:22","date_gmt":"2025-03-27T17:16:22","guid":{"rendered":"https:\/\/rabaterapia.com\/?page_id=24461"},"modified":"2025-03-27T17:17:36","modified_gmt":"2025-03-27T17:17:36","slug":"rabaterapia_block","status":"publish","type":"page","link":"https:\/\/rabaterapia.com\/pt\/rabaterapia_block\/","title":{"rendered":"RABATERAPIA_BLOCK"},"content":{"rendered":"<div data-elementor-type=\"wp-page\" data-elementor-id=\"24461\" class=\"elementor elementor-24461\" data-elementor-post-type=\"page\">\n\t\t\t\t\t\t<section class=\"elementor-section elementor-top-section elementor-element elementor-element-7a002de3 elementor-section-full_width elementor-section-height-default elementor-section-height-default\" data-id=\"7a002de3\" data-element_type=\"section\" data-e-type=\"section\" data-settings=\"{&quot;background_background&quot;:&quot;classic&quot;}\">\n\t\t\t\t\t\t<div class=\"elementor-container elementor-column-gap-default\">\n\t\t\t\t\t<div class=\"elementor-column elementor-col-100 elementor-top-column elementor-element elementor-element-619d57cf\" data-id=\"619d57cf\" data-element_type=\"column\" data-e-type=\"column\">\n\t\t\t<div class=\"elementor-widget-wrap elementor-element-populated\">\n\t\t\t\t\t\t<div class=\"elementor-element elementor-element-2bec4d07 elementor-widget elementor-widget-text-editor\" data-id=\"2bec4d07\" data-element_type=\"widget\" data-e-type=\"widget\" data-widget_type=\"text-editor.default\">\n\t\t\t\t<div class=\"elementor-widget-container\">\n\t\t\t\t\t\t\t\t\t<p class=\"translation-block\"><span class=\"OYPEnA font-feature-liga-off font-feature-clig-off font-feature-calt-off text-decoration-none text-strikethrough-none\">A Rabaterapia chegou pra <strong>quebrar todos os estere\u00f3tipos<\/strong> do que um est\u00fadio de dan\u00e7a<\/span><strong><span class=\"OYPEnA font-feature-liga-off font-feature-clig-off font-feature-calt-off text-decoration-none text-strikethrough-none\"> deveria ser<\/span><\/strong><span class=\"OYPEnA font-feature-liga-off font-feature-clig-off font-feature-calt-off text-decoration-none text-strikethrough-none\">!<\/span><\/p>\t\t\t\t\t\t\t\t<\/div>\n\t\t\t\t<\/div>\n\t\t\t\t\t<\/div>\n\t\t<\/div>\n\t\t\t\t\t<\/div>\n\t\t<\/section>\n\t\t\t\t<section class=\"elementor-section elementor-top-section elementor-element elementor-element-60451bb elementor-section-full_width elementor-section-height-default elementor-section-height-default\" data-id=\"60451bb\" data-element_type=\"section\" data-e-type=\"section\" data-settings=\"{&quot;background_background&quot;:&quot;classic&quot;}\">\n\t\t\t\t\t\t<div class=\"elementor-container elementor-column-gap-default\">\n\t\t\t\t\t<div class=\"elementor-column elementor-col-33 elementor-top-column elementor-element elementor-element-6d049ce2\" data-id=\"6d049ce2\" data-element_type=\"column\" data-e-type=\"column\">\n\t\t\t<div class=\"elementor-widget-wrap elementor-element-populated\">\n\t\t\t\t\t\t<div class=\"elementor-element elementor-element-6dfcc003 elementor-widget elementor-widget-heading\" data-id=\"6dfcc003\" data-element_type=\"widget\" data-e-type=\"widget\" data-widget_type=\"heading.default\">\n\t\t\t\t<div class=\"elementor-widget-container\">\n\t\t\t\t\t<h2 class=\"elementor-heading-title elementor-size-default\">O M\u00c9TODO EXCLUSIVO DA RABATERAPIA<\/h2>\t\t\t\t<\/div>\n\t\t\t\t<\/div>\n\t\t\t\t<div class=\"elementor-element elementor-element-721e7d0e elementor-widget elementor-widget-text-editor\" data-id=\"721e7d0e\" data-element_type=\"widget\" data-e-type=\"widget\" data-widget_type=\"text-editor.default\">\n\t\t\t\t<div class=\"elementor-widget-container\">\n\t\t\t\t\t\t\t\t\t<p class=\"cvGsUA direction-ltr align-start para-style-body translation-block\">Nossa metodologia de ensino coloca a <em data-start=\"291\" data-end=\"296\">divers\u00e3o<\/em> antes da t\u00e9cnica r\u00edgida. Toda semana, nossas instrutoras pensam com carinho em cada aula para garantir acessibilidade para todos os corpos e n\u00edveis de habilidade.<\/p>\t\t\t\t\t\t\t\t<\/div>\n\t\t\t\t<\/div>\n\t\t\t\t\t<\/div>\n\t\t<\/div>\n\t\t\t\t<div class=\"elementor-column elementor-col-33 elementor-top-column elementor-element elementor-element-3c002\" data-id=\"3c002\" data-element_type=\"column\" data-e-type=\"column\">\n\t\t\t<div class=\"elementor-widget-wrap elementor-element-populated\">\n\t\t\t\t\t\t<div class=\"elementor-element elementor-element-502750e2 elementor-widget elementor-widget-heading\" data-id=\"502750e2\" data-element_type=\"widget\" data-e-type=\"widget\" data-widget_type=\"heading.default\">\n\t\t\t\t<div class=\"elementor-widget-container\">\n\t\t\t\t\t<h2 class=\"elementor-heading-title elementor-size-default\">UM CORPO QUE SE MOVE, UMA MENTE QUE DESCANSA<\/h2>\t\t\t\t<\/div>\n\t\t\t\t<\/div>\n\t\t\t\t<div class=\"elementor-element elementor-element-6736307b elementor-widget elementor-widget-text-editor\" data-id=\"6736307b\" data-element_type=\"widget\" data-e-type=\"widget\" data-widget_type=\"text-editor.default\">\n\t\t\t\t<div class=\"elementor-widget-container\">\n\t\t\t\t\t\t\t\t\t<p>No final de cada aula, tiramos um tempinho para alongar e desacelerar. Com uma m\u00fasica suave e um clima tranquilo, criamos um momento de relaxamento e reflex\u00e3o.<\/p>\t\t\t\t\t\t\t\t<\/div>\n\t\t\t\t<\/div>\n\t\t\t\t\t<\/div>\n\t\t<\/div>\n\t\t\t\t<div class=\"elementor-column elementor-col-33 elementor-top-column elementor-element elementor-element-11e981fb\" data-id=\"11e981fb\" data-element_type=\"column\" data-e-type=\"column\">\n\t\t\t<div class=\"elementor-widget-wrap elementor-element-populated\">\n\t\t\t\t\t\t<div class=\"elementor-element elementor-element-df5ab73 elementor-widget elementor-widget-heading\" data-id=\"df5ab73\" data-element_type=\"widget\" data-e-type=\"widget\" data-widget_type=\"heading.default\">\n\t\t\t\t<div class=\"elementor-widget-container\">\n\t\t\t\t\t<h2 class=\"elementor-heading-title elementor-size-default\">AMBIENTE ACOLHEDOR<\/h2>\t\t\t\t<\/div>\n\t\t\t\t<\/div>\n\t\t\t\t<div class=\"elementor-element elementor-element-4b8fb0 elementor-widget elementor-widget-text-editor\" data-id=\"4b8fb0\" data-element_type=\"widget\" data-e-type=\"widget\" data-widget_type=\"text-editor.default\">\n\t\t\t\t<div class=\"elementor-widget-container\">\n\t\t\t\t\t\t\t\t\t<p>A nossa din\u00e2mica de aula e o cuidado genu\u00edno com cada aluno transformam cada sess\u00e3o da Rabaterapia em uma experi\u00eancia acolhedora e transformadora \u2014 onde cultura, idioma e autoexpress\u00e3o se encontram de um jeito poderoso.<\/p>\t\t\t\t\t\t\t\t<\/div>\n\t\t\t\t<\/div>\n\t\t\t\t\t<\/div>\n\t\t<\/div>\n\t\t\t\t\t<\/div>\n\t\t<\/section>\n\t\t\t\t<\/div>","protected":false},"excerpt":{"rendered":"<p>Rabaterapia is here to boldly challenge all the stereotypes of what a dance studio should be! RABATERAPIA\u2019S UNIQUE METHOD Our teaching methodology puts fun before strict technique. Every week, our instructors carefully design each class to ensure accessibility for all bodies and skill levels. A BODY THAT MOVES, A MIND THAT RESTS At the end [&hellip;]<\/p>\n","protected":false},"author":3,"featured_media":0,"parent":0,"menu_order":0,"comment_status":"closed","ping_status":"closed","template":"","meta":{"om_disable_all_campaigns":false,"_monsterinsights_skip_tracking":false,"_monsterinsights_sitenote_active":false,"_monsterinsights_sitenote_note":"","_monsterinsights_sitenote_category":0,"footnotes":""},"class_list":["post-24461","page","type-page","status-publish","hentry"],"aioseo_notices":[],"_links":{"self":[{"href":"https:\/\/rabaterapia.com\/pt\/wp-json\/wp\/v2\/pages\/24461","targetHints":{"allow":["GET"]}}],"collection":[{"href":"https:\/\/rabaterapia.com\/pt\/wp-json\/wp\/v2\/pages"}],"about":[{"href":"https:\/\/rabaterapia.com\/pt\/wp-json\/wp\/v2\/types\/page"}],"author":[{"embeddable":true,"href":"https:\/\/rabaterapia.com\/pt\/wp-json\/wp\/v2\/users\/3"}],"replies":[{"embeddable":true,"href":"https:\/\/rabaterapia.com\/pt\/wp-json\/wp\/v2\/comments?post=24461"}],"version-history":[{"count":7,"href":"https:\/\/rabaterapia.com\/pt\/wp-json\/wp\/v2\/pages\/24461\/revisions"}],"predecessor-version":[{"id":24468,"href":"https:\/\/rabaterapia.com\/pt\/wp-json\/wp\/v2\/pages\/24461\/revisions\/24468"}],"wp:attachment":[{"href":"https:\/\/rabaterapia.com\/pt\/wp-json\/wp\/v2\/media?parent=24461"}],"curies":[{"name":"wp","href":"https:\/\/api.w.org\/{rel}","templated":true}]}}