{"id":7848,"date":"2023-11-30T15:12:17","date_gmt":"2023-11-30T15:12:17","guid":{"rendered":"https:\/\/rabaterapia.com\/?page_id=7848"},"modified":"2025-10-28T19:33:39","modified_gmt":"2025-10-28T19:33:39","slug":"eventos","status":"publish","type":"page","link":"https:\/\/rabaterapia.com\/fr_ca\/eventos\/","title":{"rendered":"Melhores Festas Brasileiras De Montreal"},"content":{"rendered":"<div data-elementor-type=\"wp-page\" data-elementor-id=\"7848\" class=\"elementor elementor-7848\" data-elementor-post-type=\"page\">\n\t\t\t\t\t\t<section class=\"elementor-section elementor-top-section elementor-element elementor-element-251569c0 elementor-section-boxed elementor-section-height-default elementor-section-height-default\" data-id=\"251569c0\" data-element_type=\"section\" data-e-type=\"section\" data-settings=\"{&quot;background_background&quot;:&quot;classic&quot;}\">\n\t\t\t\t\t\t<div class=\"elementor-container elementor-column-gap-default\">\n\t\t\t\t\t<div class=\"elementor-column elementor-col-100 elementor-top-column elementor-element elementor-element-47ae58da\" data-id=\"47ae58da\" data-element_type=\"column\" data-e-type=\"column\">\n\t\t\t<div class=\"elementor-widget-wrap elementor-element-populated\">\n\t\t\t\t\t\t<section class=\"elementor-section elementor-inner-section elementor-element elementor-element-4765d9a elementor-section-boxed elementor-section-height-default elementor-section-height-default\" data-id=\"4765d9a\" data-element_type=\"section\" data-e-type=\"section\">\n\t\t\t\t\t\t<div class=\"elementor-container elementor-column-gap-default\">\n\t\t\t\t\t<div class=\"elementor-column elementor-col-100 elementor-inner-column elementor-element elementor-element-717cfeb\" data-id=\"717cfeb\" data-element_type=\"column\" data-e-type=\"column\">\n\t\t\t<div class=\"elementor-widget-wrap elementor-element-populated\">\n\t\t\t\t\t\t<div class=\"elementor-element elementor-element-43d40bc elementor-widget elementor-widget-heading\" data-id=\"43d40bc\" data-element_type=\"widget\" data-e-type=\"widget\" data-widget_type=\"heading.default\">\n\t\t\t\t<div class=\"elementor-widget-container\">\n\t\t\t\t\t<h2 class=\"elementor-heading-title elementor-size-default\">BAILE DA RABA <\/h2>\t\t\t\t<\/div>\n\t\t\t\t<\/div>\n\t\t\t\t\t<\/div>\n\t\t<\/div>\n\t\t\t\t\t<\/div>\n\t\t<\/section>\n\t\t\t\t<div class=\"elementor-element elementor-element-576fb39c elementor-widget__width-initial elementor-widget elementor-widget-text-editor\" data-id=\"576fb39c\" data-element_type=\"widget\" data-e-type=\"widget\" data-widget_type=\"text-editor.default\">\n\t\t\t\t<div class=\"elementor-widget-container\">\n\t\t\t\t\t\t\t\t\t<p>A Rabaterapia est \u00e9galement reconnue \u00e0 Montr\u00e9al pour produire les meilleurs \u00e9v\u00e9nements de funk et de musique pop destin\u00e9s au public br\u00e9silien. Tous les \u00e9v\u00e9nements accueillent un public de 500 \u00e0 600 personnes, avec des entr\u00e9es gratuites ! Consultez les listes d'inscription de certaines de ces f\u00eates incroyables &lt;3<\/p>\t\t\t\t\t\t\t\t<\/div>\n\t\t\t\t<\/div>\n\t\t\t\t<section class=\"elementor-section elementor-inner-section elementor-element elementor-element-be0f42e elementor-section-boxed elementor-section-height-default elementor-section-height-default\" data-id=\"be0f42e\" data-element_type=\"section\" data-e-type=\"section\">\n\t\t\t\t\t\t<div class=\"elementor-container elementor-column-gap-default\">\n\t\t\t\t\t<div class=\"elementor-column elementor-col-33 elementor-inner-column elementor-element elementor-element-e1adf16 animated-slow elementor-invisible\" data-id=\"e1adf16\" data-element_type=\"column\" data-e-type=\"column\" data-settings=\"{&quot;background_background&quot;:&quot;classic&quot;,&quot;animation&quot;:&quot;fadeInLeft&quot;}\">\n\t\t\t<div class=\"elementor-widget-wrap elementor-element-populated\">\n\t\t\t\t\t\t<div class=\"elementor-element elementor-element-b4acf8c elementor-widget elementor-widget-text-editor\" data-id=\"b4acf8c\" data-element_type=\"widget\" data-e-type=\"widget\" data-widget_type=\"text-editor.default\">\n\t\t\t\t<div class=\"elementor-widget-container\">\n\t\t\t\t\t\t\t\t\t<p>#HALLOWEEN | 2025<\/p>\t\t\t\t\t\t\t\t<\/div>\n\t\t\t\t<\/div>\n\t\t\t\t<div class=\"elementor-element elementor-element-4422ee6 elementor-widget elementor-widget-image\" data-id=\"4422ee6\" data-element_type=\"widget\" data-e-type=\"widget\" data-widget_type=\"image.default\">\n\t\t\t\t<div class=\"elementor-widget-container\">\n\t\t\t\t\t\t\t\t\t\t\t\t\t\t\t\t<a href=\"https:\/\/rabaterapia.com\/fr_ca\/baile-da-raba-apocalypse\/\">\n\t\t\t\t\t\t\t<img fetchpriority=\"high\" decoding=\"async\" width=\"800\" height=\"534\" src=\"https:\/\/rabaterapia.com\/wp-content\/uploads\/2025\/10\/990A1204-1024x683.jpg\" class=\"elementor-animation-grow attachment-large size-large wp-image-33638\" alt=\"\" srcset=\"https:\/\/rabaterapia.com\/wp-content\/uploads\/2025\/10\/990A1204-1024x683.jpg 1024w, https:\/\/rabaterapia.com\/wp-content\/uploads\/2025\/10\/990A1204-300x200.jpg 300w, https:\/\/rabaterapia.com\/wp-content\/uploads\/2025\/10\/990A1204-768x512.jpg 768w, https:\/\/rabaterapia.com\/wp-content\/uploads\/2025\/10\/990A1204-1536x1024.jpg 1536w, https:\/\/rabaterapia.com\/wp-content\/uploads\/2025\/10\/990A1204-2048x1365.jpg 2048w, https:\/\/rabaterapia.com\/wp-content\/uploads\/2025\/10\/990A1204-18x12.jpg 18w\" sizes=\"(max-width: 800px) 100vw, 800px\" \/>\t\t\t\t\t\t\t\t<\/a>\n\t\t\t\t\t\t\t\t\t\t\t\t\t\t\t<\/div>\n\t\t\t\t<\/div>\n\t\t\t\t\t<\/div>\n\t\t<\/div>\n\t\t\t\t<div class=\"elementor-column elementor-col-33 elementor-inner-column elementor-element elementor-element-fd46ee5 animated-slow elementor-invisible\" data-id=\"fd46ee5\" data-element_type=\"column\" data-e-type=\"column\" data-settings=\"{&quot;background_background&quot;:&quot;classic&quot;,&quot;animation&quot;:&quot;fadeInLeft&quot;}\">\n\t\t\t<div class=\"elementor-widget-wrap elementor-element-populated\">\n\t\t\t\t\t\t<div class=\"elementor-element elementor-element-216c52e elementor-widget elementor-widget-text-editor\" data-id=\"216c52e\" data-element_type=\"widget\" data-e-type=\"widget\" data-widget_type=\"text-editor.default\">\n\t\t\t\t<div class=\"elementor-widget-container\">\n\t\t\t\t\t\t\t\t\t<p>#MOULINROUGE | 2024<\/p>\t\t\t\t\t\t\t\t<\/div>\n\t\t\t\t<\/div>\n\t\t\t\t<div class=\"elementor-element elementor-element-9e25de0 elementor-widget elementor-widget-image\" data-id=\"9e25de0\" data-element_type=\"widget\" data-e-type=\"widget\" data-widget_type=\"image.default\">\n\t\t\t\t<div class=\"elementor-widget-container\">\n\t\t\t\t\t\t\t\t\t\t\t\t\t\t\t\t<a href=\"https:\/\/rabaterapia.com\/fr_ca\/baile-da-raba-moulinrouge\/\">\n\t\t\t\t\t\t\t<img decoding=\"async\" width=\"800\" height=\"534\" src=\"https:\/\/rabaterapia.com\/wp-content\/uploads\/2024\/04\/BAILA-DA-RABA-410-1024x683.jpg\" class=\"elementor-animation-grow attachment-large size-large wp-image-15567\" alt=\"\" srcset=\"https:\/\/rabaterapia.com\/wp-content\/uploads\/2024\/04\/BAILA-DA-RABA-410-1024x683.jpg 1024w, https:\/\/rabaterapia.com\/wp-content\/uploads\/2024\/04\/BAILA-DA-RABA-410-300x200.jpg 300w, https:\/\/rabaterapia.com\/wp-content\/uploads\/2024\/04\/BAILA-DA-RABA-410-768x512.jpg 768w, https:\/\/rabaterapia.com\/wp-content\/uploads\/2024\/04\/BAILA-DA-RABA-410-1536x1024.jpg 1536w, https:\/\/rabaterapia.com\/wp-content\/uploads\/2024\/04\/BAILA-DA-RABA-410-2048x1366.jpg 2048w\" sizes=\"(max-width: 800px) 100vw, 800px\" \/>\t\t\t\t\t\t\t\t<\/a>\n\t\t\t\t\t\t\t\t\t\t\t\t\t\t\t<\/div>\n\t\t\t\t<\/div>\n\t\t\t\t\t<\/div>\n\t\t<\/div>\n\t\t\t\t<div class=\"elementor-column elementor-col-33 elementor-inner-column elementor-element elementor-element-7724825 animated-slow elementor-invisible\" data-id=\"7724825\" data-element_type=\"column\" data-e-type=\"column\" data-settings=\"{&quot;background_background&quot;:&quot;classic&quot;,&quot;animation&quot;:&quot;fadeInLeft&quot;}\">\n\t\t\t<div class=\"elementor-widget-wrap elementor-element-populated\">\n\t\t\t\t\t\t<div class=\"elementor-element elementor-element-f90d641 elementor-widget elementor-widget-text-editor\" data-id=\"f90d641\" data-element_type=\"widget\" data-e-type=\"widget\" data-widget_type=\"text-editor.default\">\n\t\t\t\t<div class=\"elementor-widget-container\">\n\t\t\t\t\t\t\t\t\t<p>#HALLOWEEN | 2023<\/p>\t\t\t\t\t\t\t\t<\/div>\n\t\t\t\t<\/div>\n\t\t\t\t<div class=\"elementor-element elementor-element-332176d elementor-widget elementor-widget-image\" data-id=\"332176d\" data-element_type=\"widget\" data-e-type=\"widget\" data-widget_type=\"image.default\">\n\t\t\t\t<div class=\"elementor-widget-container\">\n\t\t\t\t\t\t\t\t\t\t\t\t\t\t\t\t<a href=\"https:\/\/rabaterapia.com\/fr_ca\/halloween-2023\/\">\n\t\t\t\t\t\t\t<img decoding=\"async\" width=\"800\" height=\"534\" src=\"https:\/\/rabaterapia.com\/wp-content\/uploads\/2023\/11\/HALLOWEEN_BaileDaRaba-1024x683.jpg\" class=\"elementor-animation-grow attachment-large size-large wp-image-8340\" alt=\"\" srcset=\"https:\/\/rabaterapia.com\/wp-content\/uploads\/2023\/11\/HALLOWEEN_BaileDaRaba-1024x683.jpg 1024w, https:\/\/rabaterapia.com\/wp-content\/uploads\/2023\/11\/HALLOWEEN_BaileDaRaba-300x200.jpg 300w, https:\/\/rabaterapia.com\/wp-content\/uploads\/2023\/11\/HALLOWEEN_BaileDaRaba-768x512.jpg 768w, https:\/\/rabaterapia.com\/wp-content\/uploads\/2023\/11\/HALLOWEEN_BaileDaRaba-1536x1024.jpg 1536w, https:\/\/rabaterapia.com\/wp-content\/uploads\/2023\/11\/HALLOWEEN_BaileDaRaba-2048x1365.jpg 2048w, https:\/\/rabaterapia.com\/wp-content\/uploads\/2023\/11\/HALLOWEEN_BaileDaRaba-600x400.jpg 600w\" sizes=\"(max-width: 800px) 100vw, 800px\" \/>\t\t\t\t\t\t\t\t<\/a>\n\t\t\t\t\t\t\t\t\t\t\t\t\t\t\t<\/div>\n\t\t\t\t<\/div>\n\t\t\t\t\t<\/div>\n\t\t<\/div>\n\t\t\t\t\t<\/div>\n\t\t<\/section>\n\t\t\t\t<section class=\"elementor-section elementor-inner-section elementor-element elementor-element-3960679 elementor-section-boxed elementor-section-height-default elementor-section-height-default\" data-id=\"3960679\" data-element_type=\"section\" data-e-type=\"section\">\n\t\t\t\t\t\t<div class=\"elementor-container elementor-column-gap-default\">\n\t\t\t\t\t<div class=\"elementor-column elementor-col-33 elementor-inner-column elementor-element elementor-element-3831068 animated-slow elementor-invisible\" data-id=\"3831068\" data-element_type=\"column\" data-e-type=\"column\" data-settings=\"{&quot;background_background&quot;:&quot;classic&quot;,&quot;animation&quot;:&quot;fadeInLeft&quot;}\">\n\t\t\t<div class=\"elementor-widget-wrap elementor-element-populated\">\n\t\t\t\t\t\t<div class=\"elementor-element elementor-element-ba99b48 elementor-widget elementor-widget-text-editor\" data-id=\"ba99b48\" data-element_type=\"widget\" data-e-type=\"widget\" data-widget_type=\"text-editor.default\">\n\t\t\t\t<div class=\"elementor-widget-container\">\n\t\t\t\t\t\t\t\t\t<p>#CARNAVAL | 2023<\/p>\t\t\t\t\t\t\t\t<\/div>\n\t\t\t\t<\/div>\n\t\t\t\t<div class=\"elementor-element elementor-element-a057aad elementor-widget elementor-widget-image\" data-id=\"a057aad\" data-element_type=\"widget\" data-e-type=\"widget\" data-widget_type=\"image.default\">\n\t\t\t\t<div class=\"elementor-widget-container\">\n\t\t\t\t\t\t\t\t\t\t\t\t\t\t\t<img loading=\"lazy\" decoding=\"async\" width=\"800\" height=\"534\" src=\"https:\/\/rabaterapia.com\/wp-content\/uploads\/2023\/11\/CARNAVAL_BAILE-1024x683.jpg\" class=\"elementor-animation-grow attachment-large size-large wp-image-8478\" alt=\"\" srcset=\"https:\/\/rabaterapia.com\/wp-content\/uploads\/2023\/11\/CARNAVAL_BAILE-1024x683.jpg 1024w, https:\/\/rabaterapia.com\/wp-content\/uploads\/2023\/11\/CARNAVAL_BAILE-300x200.jpg 300w, https:\/\/rabaterapia.com\/wp-content\/uploads\/2023\/11\/CARNAVAL_BAILE-768x512.jpg 768w, https:\/\/rabaterapia.com\/wp-content\/uploads\/2023\/11\/CARNAVAL_BAILE-1536x1024.jpg 1536w, https:\/\/rabaterapia.com\/wp-content\/uploads\/2023\/11\/CARNAVAL_BAILE-2048x1365.jpg 2048w, https:\/\/rabaterapia.com\/wp-content\/uploads\/2023\/11\/CARNAVAL_BAILE-600x400.jpg 600w\" sizes=\"(max-width: 800px) 100vw, 800px\" \/>\t\t\t\t\t\t\t\t\t\t\t\t\t\t\t<\/div>\n\t\t\t\t<\/div>\n\t\t\t\t\t<\/div>\n\t\t<\/div>\n\t\t\t\t<div class=\"elementor-column elementor-col-33 elementor-inner-column elementor-element elementor-element-c17d00b animated-slow elementor-invisible\" data-id=\"c17d00b\" data-element_type=\"column\" data-e-type=\"column\" data-settings=\"{&quot;background_background&quot;:&quot;classic&quot;,&quot;animation&quot;:&quot;fadeInLeft&quot;}\">\n\t\t\t<div class=\"elementor-widget-wrap elementor-element-populated\">\n\t\t\t\t\t\t<div class=\"elementor-element elementor-element-518b5c1 elementor-widget elementor-widget-text-editor\" data-id=\"518b5c1\" data-element_type=\"widget\" data-e-type=\"widget\" data-widget_type=\"text-editor.default\">\n\t\t\t\t<div class=\"elementor-widget-container\">\n\t\t\t\t\t\t\t\t\t<p>#UNDERTHESEA | 2022<\/p>\t\t\t\t\t\t\t\t<\/div>\n\t\t\t\t<\/div>\n\t\t\t\t<div class=\"elementor-element elementor-element-78cce55 elementor-widget elementor-widget-image\" data-id=\"78cce55\" data-element_type=\"widget\" data-e-type=\"widget\" data-widget_type=\"image.default\">\n\t\t\t\t<div class=\"elementor-widget-container\">\n\t\t\t\t\t\t\t\t\t\t\t\t\t\t\t\t<a href=\"https:\/\/rabaterapia.com\/fr_ca\/under-the-sea\/\">\n\t\t\t\t\t\t\t<img loading=\"lazy\" decoding=\"async\" width=\"800\" height=\"534\" src=\"https:\/\/rabaterapia.com\/wp-content\/uploads\/2023\/12\/IMAGENS_GALERIA_EVENTO_SITE-1-1024x683.jpg\" class=\"elementor-animation-grow attachment-large size-large wp-image-9473\" alt=\"\" srcset=\"https:\/\/rabaterapia.com\/wp-content\/uploads\/2023\/12\/IMAGENS_GALERIA_EVENTO_SITE-1-1024x683.jpg 1024w, https:\/\/rabaterapia.com\/wp-content\/uploads\/2023\/12\/IMAGENS_GALERIA_EVENTO_SITE-1-300x200.jpg 300w, https:\/\/rabaterapia.com\/wp-content\/uploads\/2023\/12\/IMAGENS_GALERIA_EVENTO_SITE-1-768x512.jpg 768w, https:\/\/rabaterapia.com\/wp-content\/uploads\/2023\/12\/IMAGENS_GALERIA_EVENTO_SITE-1-1536x1024.jpg 1536w, https:\/\/rabaterapia.com\/wp-content\/uploads\/2023\/12\/IMAGENS_GALERIA_EVENTO_SITE-1-2048x1365.jpg 2048w\" sizes=\"(max-width: 800px) 100vw, 800px\" \/>\t\t\t\t\t\t\t\t<\/a>\n\t\t\t\t\t\t\t\t\t\t\t\t\t\t\t<\/div>\n\t\t\t\t<\/div>\n\t\t\t\t\t<\/div>\n\t\t<\/div>\n\t\t\t\t<div class=\"elementor-column elementor-col-33 elementor-inner-column elementor-element elementor-element-7187bbf animated-slow elementor-invisible\" data-id=\"7187bbf\" data-element_type=\"column\" data-e-type=\"column\" data-settings=\"{&quot;background_background&quot;:&quot;classic&quot;,&quot;animation&quot;:&quot;fadeInLeft&quot;}\">\n\t\t\t<div class=\"elementor-widget-wrap\">\n\t\t\t\t\t\t\t<\/div>\n\t\t<\/div>\n\t\t\t\t\t<\/div>\n\t\t<\/section>\n\t\t\t\t\t<\/div>\n\t\t<\/div>\n\t\t\t\t\t<\/div>\n\t\t<\/section>\n\t\t\t\t<\/div>","protected":false},"excerpt":{"rendered":"<p>BAILE DA RABA A Rabaterapia tamb\u00e9m \u00e9 conhecida em Montreal por produzir os melhores eventos de funk e m\u00fasica pop voltados para o p\u00fablico brasileiro. Todos os eventos tiverem um p\u00fablico de 500 \u00e0 600 pessoas, com ingressos esgotados! D\u00e1 uma olhada nos registros de algumas dessas festas incr\u00edveis &lt;3 #HALLOWEEN | 2025 #MOULINROUGE | [&hellip;]<\/p>\n","protected":false},"author":3,"featured_media":12165,"parent":0,"menu_order":0,"comment_status":"closed","ping_status":"closed","template":"","meta":{"om_disable_all_campaigns":false,"_monsterinsights_skip_tracking":false,"_monsterinsights_sitenote_active":false,"_monsterinsights_sitenote_note":"","_monsterinsights_sitenote_category":0,"footnotes":""},"class_list":["post-7848","page","type-page","status-publish","has-post-thumbnail","hentry"],"aioseo_notices":[],"_links":{"self":[{"href":"https:\/\/rabaterapia.com\/fr_ca\/wp-json\/wp\/v2\/pages\/7848","targetHints":{"allow":["GET"]}}],"collection":[{"href":"https:\/\/rabaterapia.com\/fr_ca\/wp-json\/wp\/v2\/pages"}],"about":[{"href":"https:\/\/rabaterapia.com\/fr_ca\/wp-json\/wp\/v2\/types\/page"}],"author":[{"embeddable":true,"href":"https:\/\/rabaterapia.com\/fr_ca\/wp-json\/wp\/v2\/users\/3"}],"replies":[{"embeddable":true,"href":"https:\/\/rabaterapia.com\/fr_ca\/wp-json\/wp\/v2\/comments?post=7848"}],"version-history":[{"count":10,"href":"https:\/\/rabaterapia.com\/fr_ca\/wp-json\/wp\/v2\/pages\/7848\/revisions"}],"predecessor-version":[{"id":33953,"href":"https:\/\/rabaterapia.com\/fr_ca\/wp-json\/wp\/v2\/pages\/7848\/revisions\/33953"}],"wp:featuredmedia":[{"embeddable":true,"href":"https:\/\/rabaterapia.com\/fr_ca\/wp-json\/wp\/v2\/media\/12165"}],"wp:attachment":[{"href":"https:\/\/rabaterapia.com\/fr_ca\/wp-json\/wp\/v2\/media?parent=7848"}],"curies":[{"name":"wp","href":"https:\/\/api.w.org\/{rel}","templated":true}]}}