{"id":4998,"date":"2023-11-24T21:27:58","date_gmt":"2023-11-24T21:27:58","guid":{"rendered":"https:\/\/rabaterapia.com\/?page_id=4998"},"modified":"2025-04-21T21:54:36","modified_gmt":"2025-04-21T21:54:36","slug":"cookies","status":"publish","type":"page","link":"https:\/\/rabaterapia.com\/fr_ca\/cookies\/","title":{"rendered":"Privacy Policy | Rabaterapia"},"content":{"rendered":"<div data-elementor-type=\"wp-page\" data-elementor-id=\"4998\" class=\"elementor elementor-4998\" data-elementor-post-type=\"page\">\n\t\t\t\t\t\t<section class=\"elementor-section elementor-top-section elementor-element elementor-element-3cc3822 elementor-section-boxed elementor-section-height-default elementor-section-height-default\" data-id=\"3cc3822\" data-element_type=\"section\" data-e-type=\"section\">\n\t\t\t\t\t\t<div class=\"elementor-container elementor-column-gap-default\">\n\t\t\t\t\t<div class=\"elementor-column elementor-col-100 elementor-top-column elementor-element elementor-element-1e2ae3d\" data-id=\"1e2ae3d\" data-element_type=\"column\" data-e-type=\"column\">\n\t\t\t<div class=\"elementor-widget-wrap elementor-element-populated\">\n\t\t\t\t\t\t<div class=\"elementor-element elementor-element-2d1177c elementor-widget elementor-widget-html\" data-id=\"2d1177c\" data-element_type=\"widget\" data-e-type=\"widget\" data-widget_type=\"html.default\">\n\t\t\t\t<div class=\"elementor-widget-container\">\n\t\t\t\t\t<h2><span style=\"color: rgb(68, 68, 68);\">Politique de confidentialit\u00e9<\/span><\/h2>\n<p><span style=\"color: rgb(68, 68, 68);\">Votre vie priv\u00e9e est importante pour nous. Rabaterapia dance studio a pour politique de respecter votre vie priv\u00e9e en ce qui concerne les informations que nous pourrions recueillir dans le cadre de l'exploitation du site web. <a href=\"\/fr_ca\/www.rabaterapia.com\/\">rabaterapia.com<\/a> et d'autres sites que nous poss\u00e9dons et exploitons.<\/span><\/p>\n<p><span style=\"color: rgb(68, 68, 68);\">Nous ne demandons des informations personnelles que lorsque nous en avons r\u00e9ellement besoin pour vous fournir un service. Nous le faisons par des moyens justes et l\u00e9gaux, en toute connaissance de cause et avec votre consentement. Nous vous informons \u00e9galement des raisons pour lesquelles nous recueillons ces informations et de la mani\u00e8re dont elles seront utilis\u00e9es.<\/span><\/p>\n<p><span style=\"color: rgb(68, 68, 68);\">Nous ne conservons les informations collect\u00e9es que le temps n\u00e9cessaire pour fournir le service demand\u00e9. Lorsque nous stockons des donn\u00e9es, nous les prot\u00e9geons par des moyens commercialement acceptables afin d'\u00e9viter la perte et le vol, ainsi que l'acc\u00e8s, la divulgation, la copie, l'utilisation ou la modification non autoris\u00e9s.<\/span><\/p>\n<p><span style=\"color: rgb(68, 68, 68);\">Nous ne partageons pas les informations personnelles identifiables avec le public ou avec des tiers, sauf si la loi l'exige.<\/span><\/p>\n<p><span style=\"color: rgb(68, 68, 68);\">Notre site web peut contenir des liens vers des sites externes qui ne sont pas exploit\u00e9s par nous. Veuillez noter que nous n'avons aucun contr\u00f4le sur le contenu et les pratiques de ces sites et que nous ne pouvons \u00eatre tenus responsables de leurs contenus et pratiques respectifs. <a href=\"https:\/\/politicaprivacidade.com\/\" rel=\"noopener noreferrer\" target=\"_blank\" style=\"background-color: transparent; color: rgb(68, 68, 68);\">politiques en mati\u00e8re de protection de la vie priv\u00e9e<\/a>.<\/span><\/p>\n<p><span style=\"color: rgb(68, 68, 68);\">Vous \u00eates libre de refuser notre demande d'informations personnelles, sachant que nous pourrions ne pas \u00eatre en mesure de fournir certains des services souhait\u00e9s.<\/span><\/p>\n<p><span style=\"color: rgb(68, 68, 68);\">La poursuite de l'utilisation de notre site sera consid\u00e9r\u00e9e comme une acceptation de nos pratiques en mati\u00e8re de protection de la vie priv\u00e9e et des informations personnelles. Si vous avez des questions sur la mani\u00e8re dont nous traitons les donn\u00e9es des utilisateurs et les informations personnelles, veuillez nous contacter.<\/span><\/p>\n<h2><span style=\"color: rgb(68, 68, 68);\">Engagement de l'utilisateur<\/span><\/h2>\n<p><span style=\"color: rgb(68, 68, 68);\">L'utilisateur s'engage \u00e0 faire bon usage du contenu et des informations que Rabaterapia dance studio met \u00e0 disposition sur le site web, y compris, mais sans s'y limiter :<\/span><\/p>\n<li><span style=\"color: rgb(68, 68, 68);\">Ne pas s'engager dans des activit\u00e9s ill\u00e9gales ou contraires \u00e0 la bonne foi et \u00e0 l'ordre public ;<\/span><\/li>\n<li><span style=\"color: rgb(68, 68, 68);\">Ne pas diffuser de contenu raciste, x\u00e9nophobe ou tout type de pornographie ill\u00e9gale, de contenu faisant l'apologie du terrorisme ou violant les droits de l'homme ;<\/span><\/li>\n<li><span style=\"color: rgb(68, 68, 68);\">Ne pas nuire aux syst\u00e8mes physiques et logiques de Rabaterapia dance studio, de ses fournisseurs ou de tiers, en introduisant ou en diffusant des virus informatiques ou tout autre syst\u00e8me mat\u00e9riel ou logiciel capable de causer les dommages susmentionn\u00e9s.<\/span><\/p>\n<p><span style=\"color: rgb(68, 68, 68);\">Cette politique entre en vigueur le 24 novembre 2023 \u00e0 21:27.<\/span><\/p>\n\t\t\t\t<\/div>\n\t\t\t\t<\/div>\n\t\t\t\t\t<\/div>\n\t\t<\/div>\n\t\t\t\t\t<\/div>\n\t\t<\/section>\n\t\t\t\t<\/div>","protected":false},"excerpt":{"rendered":"<p>Privacy Policy Your privacy is important to us. It is the policy of Rabaterapia dance studio to respect your privacy regarding any information we may collect while operating the website rabaterapia.com and other sites we own and operate. We request personal information only when we truly need it to provide you with a service. We [&hellip;]<\/p>\n","protected":false},"author":3,"featured_media":0,"parent":0,"menu_order":0,"comment_status":"closed","ping_status":"closed","template":"","meta":{"om_disable_all_campaigns":false,"_monsterinsights_skip_tracking":false,"_monsterinsights_sitenote_active":false,"_monsterinsights_sitenote_note":"","_monsterinsights_sitenote_category":0,"footnotes":""},"class_list":["post-4998","page","type-page","status-publish","hentry"],"aioseo_notices":[],"_links":{"self":[{"href":"https:\/\/rabaterapia.com\/fr_ca\/wp-json\/wp\/v2\/pages\/4998","targetHints":{"allow":["GET"]}}],"collection":[{"href":"https:\/\/rabaterapia.com\/fr_ca\/wp-json\/wp\/v2\/pages"}],"about":[{"href":"https:\/\/rabaterapia.com\/fr_ca\/wp-json\/wp\/v2\/types\/page"}],"author":[{"embeddable":true,"href":"https:\/\/rabaterapia.com\/fr_ca\/wp-json\/wp\/v2\/users\/3"}],"replies":[{"embeddable":true,"href":"https:\/\/rabaterapia.com\/fr_ca\/wp-json\/wp\/v2\/comments?post=4998"}],"version-history":[{"count":10,"href":"https:\/\/rabaterapia.com\/fr_ca\/wp-json\/wp\/v2\/pages\/4998\/revisions"}],"predecessor-version":[{"id":27179,"href":"https:\/\/rabaterapia.com\/fr_ca\/wp-json\/wp\/v2\/pages\/4998\/revisions\/27179"}],"wp:attachment":[{"href":"https:\/\/rabaterapia.com\/fr_ca\/wp-json\/wp\/v2\/media?parent=4998"}],"curies":[{"name":"wp","href":"https:\/\/api.w.org\/{rel}","templated":true}]}}