{"id":27762,"date":"2025-05-16T20:57:06","date_gmt":"2025-05-16T20:57:06","guid":{"rendered":"https:\/\/rabaterapia.com\/?page_id=27762"},"modified":"2025-06-27T18:50:09","modified_gmt":"2025-06-27T18:50:09","slug":"summer-2025","status":"publish","type":"page","link":"https:\/\/rabaterapia.com\/fr_ca\/summer-2025\/","title":{"rendered":"Summer 2025"},"content":{"rendered":"<div data-elementor-type=\"wp-page\" data-elementor-id=\"27762\" class=\"elementor elementor-27762\" data-elementor-post-type=\"page\">\n\t\t\t\t<div class=\"elementor-element elementor-element-e80172f e-con-full e-flex e-con e-parent\" data-id=\"e80172f\" data-element_type=\"container\" data-e-type=\"container\" data-settings=\"{&quot;background_background&quot;:&quot;classic&quot;}\">\n\t\t<div class=\"elementor-element elementor-element-aba7dbc e-con-full e-flex e-con e-child\" data-id=\"aba7dbc\" data-element_type=\"container\" data-e-type=\"container\">\n\t\t<div class=\"elementor-element elementor-element-1259dc4 e-con-full e-flex e-con e-child\" data-id=\"1259dc4\" data-element_type=\"container\" data-e-type=\"container\">\n\t\t<div class=\"elementor-element elementor-element-8a6c43e e-con-full e-flex e-con e-child\" data-id=\"8a6c43e\" data-element_type=\"container\" data-e-type=\"container\">\n\t\t\t\t<div class=\"elementor-element elementor-element-27ea8f0 elementor-widget__width-initial elementor-widget elementor-widget-heading\" data-id=\"27ea8f0\" data-element_type=\"widget\" data-e-type=\"widget\" data-widget_type=\"heading.default\">\n\t\t\t\t<div class=\"elementor-widget-container\">\n\t\t\t\t\t<h2 class=\"elementor-heading-title elementor-size-default\">CET \u00c9T\u00c9 \u00c0<\/h2>\t\t\t\t<\/div>\n\t\t\t\t<\/div>\n\t\t\t\t<\/div>\n\t\t<div class=\"elementor-element elementor-element-32724fe e-con-full e-flex e-con e-child\" data-id=\"32724fe\" data-element_type=\"container\" data-e-type=\"container\">\n\t\t\t\t<div class=\"elementor-element elementor-element-0b7a36c elementor-widget elementor-widget-image\" data-id=\"0b7a36c\" data-element_type=\"widget\" data-e-type=\"widget\" data-widget_type=\"image.default\">\n\t\t\t\t<div class=\"elementor-widget-container\">\n\t\t\t\t\t\t\t\t\t\t\t\t\t\t\t<img fetchpriority=\"high\" decoding=\"async\" width=\"800\" height=\"86\" src=\"https:\/\/rabaterapia.com\/wp-content\/uploads\/2023\/08\/Logotipo-horizontal_03-branco-1024x110.png\" class=\"attachment-large size-large wp-image-162\" alt=\"\" srcset=\"https:\/\/rabaterapia.com\/wp-content\/uploads\/2023\/08\/Logotipo-horizontal_03-branco-1024x110.png 1024w, https:\/\/rabaterapia.com\/wp-content\/uploads\/2023\/08\/Logotipo-horizontal_03-branco-300x32.png 300w, https:\/\/rabaterapia.com\/wp-content\/uploads\/2023\/08\/Logotipo-horizontal_03-branco-768x83.png 768w, https:\/\/rabaterapia.com\/wp-content\/uploads\/2023\/08\/Logotipo-horizontal_03-branco-1536x165.png 1536w, https:\/\/rabaterapia.com\/wp-content\/uploads\/2023\/08\/Logotipo-horizontal_03-branco-2048x220.png 2048w, https:\/\/rabaterapia.com\/wp-content\/uploads\/2023\/08\/Logotipo-horizontal_03-branco-600x65.png 600w\" sizes=\"(max-width: 800px) 100vw, 800px\" \/>\t\t\t\t\t\t\t\t\t\t\t\t\t\t\t<\/div>\n\t\t\t\t<\/div>\n\t\t\t\t<\/div>\n\t\t\t\t<\/div>\n\t\t\t\t<\/div>\n\t\t\t\t<div class=\"elementor-element elementor-element-6777386 elementor-widget elementor-widget-heading\" data-id=\"6777386\" data-element_type=\"widget\" data-e-type=\"widget\" data-widget_type=\"heading.default\">\n\t\t\t\t<div class=\"elementor-widget-container\">\n\t\t\t\t\t<h2 class=\"elementor-heading-title elementor-size-default\">Un cours d\u2019\u00e9t\u00e9 qui fait du bien au corps\u2026 et \u00e0 l\u2019\u00e2me.<\/h2>\t\t\t\t<\/div>\n\t\t\t\t<\/div>\n\t\t<div class=\"elementor-element elementor-element-9e96bd2 e-con-full e-flex e-con e-child\" data-id=\"9e96bd2\" data-element_type=\"container\" data-e-type=\"container\">\n\t\t\t\t<div class=\"elementor-element elementor-element-99a3e2b elementor-align-center elementor-widget elementor-widget-button\" data-id=\"99a3e2b\" data-element_type=\"widget\" data-e-type=\"widget\" data-widget_type=\"button.default\">\n\t\t\t\t<div class=\"elementor-widget-container\">\n\t\t\t\t\t\t\t\t\t<div class=\"elementor-button-wrapper\">\n\t\t\t\t\t<a class=\"elementor-button elementor-button-link elementor-size-sm elementor-animation-shrink\" href=\"https:\/\/rabaterapia.com\/fr_ca\/summer-2025-book-now\/\">\n\t\t\t\t\t\t<span class=\"elementor-button-content-wrapper\">\n\t\t\t\t\t\t\t\t\t<span class=\"elementor-button-text\">R\u00c9SERVEZ MAINTENANT<\/span>\n\t\t\t\t\t<\/span>\n\t\t\t\t\t<\/a>\n\t\t\t\t<\/div>\n\t\t\t\t\t\t\t\t<\/div>\n\t\t\t\t<\/div>\n\t\t\t\t<\/div>\n\t\t\t\t<\/div>\n\t\t<div class=\"elementor-element elementor-element-bef775d e-con-full e-flex e-con e-parent\" data-id=\"bef775d\" data-element_type=\"container\" data-e-type=\"container\" data-settings=\"{&quot;background_background&quot;:&quot;classic&quot;}\">\n\t\t<div class=\"elementor-element elementor-element-687c187 e-con-full e-flex e-con e-child\" data-id=\"687c187\" data-element_type=\"container\" data-e-type=\"container\">\n\t\t\t\t<div class=\"elementor-element elementor-element-22a20b8 elementor-widget elementor-widget-heading\" data-id=\"22a20b8\" data-element_type=\"widget\" data-e-type=\"widget\" data-widget_type=\"heading.default\">\n\t\t\t\t<div class=\"elementor-widget-container\">\n\t\t\t\t\t<h2 class=\"elementor-heading-title elementor-size-default\"><span class=\"OYPEnA font-feature-liga-off font-feature-clig-off font-feature-calt-off text-decoration-none text-strikethrough-none\" style=\"font-weight: 700\">Bouge, ressens et reconnecte \u2014 le tout sous le soleil.<\/span><\/h2>\t\t\t\t<\/div>\n\t\t\t\t<\/div>\n\t\t\t\t<div class=\"elementor-element elementor-element-7be3a94 elementor-widget elementor-widget-text-editor\" data-id=\"7be3a94\" data-element_type=\"widget\" data-e-type=\"widget\" data-widget_type=\"text-editor.default\">\n\t\t\t\t<div class=\"elementor-widget-container\">\n\t\t\t\t\t\t\t\t\t<p class=\"cvGsUA direction-ltr align-start para-style-body translation-block\"><span class=\"OYPEnA font-feature-liga-off font-feature-clig-off font-feature-calt-off text-decoration-none text-strikethrough-none\"><strong>Imagine ceci\u202f:<\/strong> <\/span><span class=\"OYPEnA font-feature-liga-off font-feature-clig-off font-feature-calt-off text-decoration-none text-strikethrough-none\">tu es au parc, le soleil te r\u00e9chauffe la peau, une petite brise te caresse le visage\u2026 et la musique\u202f? Cristalline, qui te fait vibrer directement dans les oreilles gr\u00e2ce \u00e0 nos casques silencieux. Juste toi, le beat et ton corps en mouvement.<\/span><\/p>\t\t\t\t\t\t\t\t<\/div>\n\t\t\t\t<\/div>\n\t\t\t\t<div class=\"elementor-element elementor-element-407b57e elementor-widget elementor-widget-heading\" data-id=\"407b57e\" data-element_type=\"widget\" data-e-type=\"widget\" data-widget_type=\"heading.default\">\n\t\t\t\t<div class=\"elementor-widget-container\">\n\t\t\t\t\t<h2 class=\"elementor-heading-title elementor-size-default\">C\u2019est bien plus qu\u2019un cours.<\/h2>\t\t\t\t<\/div>\n\t\t\t\t<\/div>\n\t\t\t\t<div class=\"elementor-element elementor-element-7a597e9 elementor-widget elementor-widget-heading\" data-id=\"7a597e9\" data-element_type=\"widget\" data-e-type=\"widget\" data-widget_type=\"heading.default\">\n\t\t\t\t<div class=\"elementor-widget-container\">\n\t\t\t\t\t<h2 class=\"elementor-heading-title elementor-size-default\">Un cours d\u2019\u00e9t\u00e9 qui fait du bien au corps\u2026 et \u00e0 l\u2019\u00e2me.<\/h2>\t\t\t\t<\/div>\n\t\t\t\t<\/div>\n\t\t\t\t<\/div>\n\t\t<div class=\"elementor-element elementor-element-e29dac6 e-con-full e-flex e-con e-child\" data-id=\"e29dac6\" data-element_type=\"container\" data-e-type=\"container\">\n\t\t\t\t<div class=\"elementor-element elementor-element-feddf26 elementor-widget__width-initial e-transform elementor-widget elementor-widget-image\" data-id=\"feddf26\" data-element_type=\"widget\" data-e-type=\"widget\" data-settings=\"{&quot;_transform_scale_effect&quot;:{&quot;unit&quot;:&quot;px&quot;,&quot;size&quot;:1.1,&quot;sizes&quot;:[]},&quot;_transform_scale_effect_tablet&quot;:{&quot;unit&quot;:&quot;px&quot;,&quot;size&quot;:&quot;&quot;,&quot;sizes&quot;:[]},&quot;_transform_scale_effect_mobile&quot;:{&quot;unit&quot;:&quot;px&quot;,&quot;size&quot;:&quot;&quot;,&quot;sizes&quot;:[]}}\" data-widget_type=\"image.default\">\n\t\t\t\t<div class=\"elementor-widget-container\">\n\t\t\t\t\t\t\t\t\t\t\t\t\t\t\t<img decoding=\"async\" width=\"800\" height=\"800\" src=\"https:\/\/rabaterapia.com\/wp-content\/uploads\/2025\/05\/Disco_Silence_party_Montreal_FR.png\" class=\"attachment-large size-large wp-image-27798\" alt=\"\" srcset=\"https:\/\/rabaterapia.com\/wp-content\/uploads\/2025\/05\/Disco_Silence_party_Montreal_FR.png 1250w, https:\/\/rabaterapia.com\/wp-content\/uploads\/2025\/05\/Disco_Silence_party_Montreal_FR-300x300.png 300w, https:\/\/rabaterapia.com\/wp-content\/uploads\/2025\/05\/Disco_Silence_party_Montreal_FR-1024x1024.png 1024w, https:\/\/rabaterapia.com\/wp-content\/uploads\/2025\/05\/Disco_Silence_party_Montreal_FR-150x150.png 150w, https:\/\/rabaterapia.com\/wp-content\/uploads\/2025\/05\/Disco_Silence_party_Montreal_FR-768x768.png 768w, https:\/\/rabaterapia.com\/wp-content\/uploads\/2025\/05\/Disco_Silence_party_Montreal_FR-12x12.png 12w\" sizes=\"(max-width: 800px) 100vw, 800px\" \/>\t\t\t\t\t\t\t\t\t\t\t\t\t\t\t<\/div>\n\t\t\t\t<\/div>\n\t\t\t\t<\/div>\n\t\t\t\t<\/div>\n\t\t\t\t<\/div>","protected":false},"excerpt":{"rendered":"<p>THIS SUMMER AT It\u2019s a full-body, soul-filling summer escape. BOOK NOW Move, vibe, and reconnect \u2014 all under the sun. Imagine this: you\u2019re at the park, sun warming your skin, breeze on your face\u2026 and the music? Crystal clear, bumping straight into your ears through our silent disco party headsets. It\u2019s just you, the beat, [&hellip;]<\/p>\n","protected":false},"author":3,"featured_media":0,"parent":0,"menu_order":0,"comment_status":"closed","ping_status":"closed","template":"","meta":{"om_disable_all_campaigns":false,"_monsterinsights_skip_tracking":false,"_monsterinsights_sitenote_active":false,"_monsterinsights_sitenote_note":"","_monsterinsights_sitenote_category":0,"footnotes":""},"class_list":["post-27762","page","type-page","status-publish","hentry"],"aioseo_notices":[],"_links":{"self":[{"href":"https:\/\/rabaterapia.com\/fr_ca\/wp-json\/wp\/v2\/pages\/27762","targetHints":{"allow":["GET"]}}],"collection":[{"href":"https:\/\/rabaterapia.com\/fr_ca\/wp-json\/wp\/v2\/pages"}],"about":[{"href":"https:\/\/rabaterapia.com\/fr_ca\/wp-json\/wp\/v2\/types\/page"}],"author":[{"embeddable":true,"href":"https:\/\/rabaterapia.com\/fr_ca\/wp-json\/wp\/v2\/users\/3"}],"replies":[{"embeddable":true,"href":"https:\/\/rabaterapia.com\/fr_ca\/wp-json\/wp\/v2\/comments?post=27762"}],"version-history":[{"count":10,"href":"https:\/\/rabaterapia.com\/fr_ca\/wp-json\/wp\/v2\/pages\/27762\/revisions"}],"predecessor-version":[{"id":29248,"href":"https:\/\/rabaterapia.com\/fr_ca\/wp-json\/wp\/v2\/pages\/27762\/revisions\/29248"}],"wp:attachment":[{"href":"https:\/\/rabaterapia.com\/fr_ca\/wp-json\/wp\/v2\/media?parent=27762"}],"curies":[{"name":"wp","href":"https:\/\/api.w.org\/{rel}","templated":true}]}}