{"id":27623,"date":"2025-05-13T22:42:57","date_gmt":"2025-05-13T22:42:57","guid":{"rendered":"https:\/\/rabaterapia.com\/?page_id=27623"},"modified":"2025-05-20T20:13:25","modified_gmt":"2025-05-20T20:13:25","slug":"kids","status":"publish","type":"page","link":"https:\/\/rabaterapia.com\/fr_ca\/kids\/","title":{"rendered":"Kids"},"content":{"rendered":"<div data-elementor-type=\"wp-page\" data-elementor-id=\"27623\" class=\"elementor elementor-27623\" data-elementor-post-type=\"page\">\n\t\t\t\t\t\t<section class=\"elementor-section elementor-top-section elementor-element elementor-element-1630e085 elementor-section-full_width elementor-section-height-default elementor-section-height-default\" data-id=\"1630e085\" data-element_type=\"section\" data-e-type=\"section\" data-settings=\"{&quot;background_background&quot;:&quot;classic&quot;}\">\n\t\t\t\t\t\t<div class=\"elementor-container elementor-column-gap-default\">\n\t\t\t\t\t<div class=\"elementor-column elementor-col-50 elementor-top-column elementor-element elementor-element-22729fcb\" data-id=\"22729fcb\" data-element_type=\"column\" data-e-type=\"column\">\n\t\t\t<div class=\"elementor-widget-wrap elementor-element-populated\">\n\t\t\t\t\t\t<div class=\"elementor-element elementor-element-1e1b38d elementor-widget__width-initial elementor-widget-mobile__width-initial elementor-invisible elementor-widget elementor-widget-image\" data-id=\"1e1b38d\" data-element_type=\"widget\" data-e-type=\"widget\" data-settings=\"{&quot;_animation&quot;:&quot;bounceIn&quot;}\" data-widget_type=\"image.default\">\n\t\t\t\t<div class=\"elementor-widget-container\">\n\t\t\t\t\t\t\t\t\t\t\t\t\t\t\t<img fetchpriority=\"high\" decoding=\"async\" width=\"800\" height=\"800\" src=\"https:\/\/rabaterapia.com\/wp-content\/uploads\/2025\/05\/Gif_Kids_Raba.gif\" class=\"attachment-large size-large wp-image-27716\" alt=\"\" \/>\t\t\t\t\t\t\t\t\t\t\t\t\t\t\t<\/div>\n\t\t\t\t<\/div>\n\t\t\t\t\t<\/div>\n\t\t<\/div>\n\t\t\t\t<div class=\"elementor-column elementor-col-50 elementor-top-column elementor-element elementor-element-43780447\" data-id=\"43780447\" data-element_type=\"column\" data-e-type=\"column\">\n\t\t\t<div class=\"elementor-widget-wrap elementor-element-populated\">\n\t\t\t\t\t\t<div class=\"elementor-element elementor-element-5fca4999 elementor-widget elementor-widget-heading\" data-id=\"5fca4999\" data-element_type=\"widget\" data-e-type=\"widget\" data-widget_type=\"heading.default\">\n\t\t\t\t<div class=\"elementor-widget-container\">\n\t\t\t\t\t<h2 class=\"elementor-heading-title elementor-size-default\">Programme Danse pour Enfants<\/h2>\t\t\t\t<\/div>\n\t\t\t\t<\/div>\n\t\t\t\t<div class=\"elementor-element elementor-element-a826fd1 elementor-headline--style-highlight elementor-widget elementor-widget-animated-headline\" data-id=\"a826fd1\" data-element_type=\"widget\" data-e-type=\"widget\" data-settings=\"{&quot;marker&quot;:&quot;underline_zigzag&quot;,&quot;highlighted_text&quot;:&quot;Growth!&quot;,&quot;headline_style&quot;:&quot;highlight&quot;,&quot;loop&quot;:&quot;yes&quot;,&quot;highlight_animation_duration&quot;:1200,&quot;highlight_iteration_delay&quot;:8000}\" data-widget_type=\"animated-headline.default\">\n\t\t\t\t<div class=\"elementor-widget-container\">\n\t\t\t\t\t\t\t<h3 class=\"elementor-headline translation-block\"><span class=\"elementor-headline-plain-text elementor-headline-text-wrapper\">DANSE, CONFIANCE EN SOI &amp;<\/span>\n<span class=\"elementor-headline-dynamic-wrapper elementor-headline-text-wrapper\">\n\t<span class=\"elementor-headline-dynamic-text elementor-headline-text-active\">AMOUR DE SOI<\/span>\n<\/span><\/h3>\n\t\t\t\t\t\t<\/div>\n\t\t\t\t<\/div>\n\t\t\t\t<div class=\"elementor-element elementor-element-65f83ef2 elementor-widget__width-initial elementor-widget elementor-widget-text-editor\" data-id=\"65f83ef2\" data-element_type=\"widget\" data-e-type=\"widget\" data-widget_type=\"text-editor.default\">\n\t\t\t\t<div class=\"elementor-widget-container\">\n\t\t\t\t\t\t\t\t\t<p class=\"\" data-start=\"0\" data-end=\"334\"><strong data-start=\"263\" data-end=\"341\">Pour les enfants de 7 \u00e0 11 ans qui adorent danser, s\u2019exprimer et s\u2019amuser\u202f!<br \/><\/strong><\/p>\t\t\t\t\t\t\t\t<\/div>\n\t\t\t\t<\/div>\n\t\t\t\t<div class=\"elementor-element elementor-element-15dc4e5 elementor-widget__width-initial elementor-widget elementor-widget-text-editor\" data-id=\"15dc4e5\" data-element_type=\"widget\" data-e-type=\"widget\" data-widget_type=\"text-editor.default\">\n\t\t\t\t<div class=\"elementor-widget-container\">\n\t\t\t\t\t\t\t\t\t<p class=\"translation-block\" data-start=\"176\" data-end=\"596\">Et si cet \u00e9t\u00e9, tu voyais ton enfant s\u2019\u00e9panouir, bouger et briller comme jamais? \u2728 Notre <strong data-start=\"248\" data-end=\"289\">Programme de Danse pour Enfants \u2013 Niveau 1<\/strong> a \u00e9t\u00e9 pens\u00e9 pour les jeunes de 7 \u00e0 11 ans qui d\u00e9bordent d\u2019\u00e9nergie, de curiosit\u00e9 et qui ont envie de plonger dans l\u2019univers magique de la danse. Pendant 4 semaines, on va bouger, s\u2019\u00e9tirer, apprendre des techniques et cr\u00e9er des chor\u00e9s \u2014 le tout dans une ambiance fun, bienveillante et remplie de bonne musique! Et pour clore l\u2019aventure en beaut\u00e9, on tourne une vid\u00e9o finale pour c\u00e9l\u00e9brer tout ce qu\u2019ils ont appris !<\/p><p class=\"\" data-start=\"598\" data-end=\"745\">Que votre enfant d\u00e9couvre la danse ou qu\u2019il aime d\u00e9j\u00e0 bouger, ce programme l\u2019aidera \u00e0 prendre confiance, \u00e0 d\u00e9velopper sa discipline et \u00e0 cultiver une passion pour le mouvement.<\/p>\t\t\t\t\t\t\t\t<\/div>\n\t\t\t\t<\/div>\n\t\t\t\t<div class=\"elementor-element elementor-element-2e465d1 elementor-widget__width-initial elementor-widget elementor-widget-text-editor\" data-id=\"2e465d1\" data-element_type=\"widget\" data-e-type=\"widget\" data-widget_type=\"text-editor.default\">\n\t\t\t\t<div class=\"elementor-widget-container\">\n\t\t\t\t\t\t\t\t\t<ul><li class=\"cvGsUA direction-ltr align-start para-style-body translation-block\"><strong data-start=\"1038\" data-end=\"1048\">Dates\u202f: <\/strong>Jeudis<\/li><li class=\"cvGsUA direction-ltr align-start para-style-body translation-block\"><strong>Heure\u202f:<\/strong> 15h00 \u2013 16h30<\/li><li class=\"cvGsUA direction-ltr align-start para-style-body\"><strong data-start=\"1092\" data-end=\"1102\">D\u00e9but:<\/strong> 26 juin<\/li><li class=\"cvGsUA direction-ltr align-start para-style-body translation-block\"><strong data-start=\"1113\" data-end=\"1121\">Fin\u202f:<\/strong> 17 juillet<\/li><li class=\"translation-block\">Seulement<strong> 15 places disponibles<\/strong><\/li><li>Le programme d\u2019introduction co\u00fbte 60\u202f$<\/li><\/ul>\t\t\t\t\t\t\t\t<\/div>\n\t\t\t\t<\/div>\n\t\t\t\t<div class=\"elementor-element elementor-element-49fb3ac1 elementor-mobile-align-center elementor-align-justify elementor-widget elementor-widget-button\" data-id=\"49fb3ac1\" data-element_type=\"widget\" data-e-type=\"widget\" data-widget_type=\"button.default\">\n\t\t\t\t<div class=\"elementor-widget-container\">\n\t\t\t\t\t\t\t\t\t<div class=\"elementor-button-wrapper\">\n\t\t\t\t\t<a class=\"elementor-button elementor-button-link elementor-size-sm elementor-animation-grow\" href=\"https:\/\/momence.com\/dashboard\/intake-form\/q27ndm5XWP\">\n\t\t\t\t\t\t<span class=\"elementor-button-content-wrapper\">\n\t\t\t\t\t\t\t\t\t<span class=\"elementor-button-text\">JOINDRE LA LISTE D\u2019ATTENTE<\/span>\n\t\t\t\t\t<\/span>\n\t\t\t\t\t<\/a>\n\t\t\t\t<\/div>\n\t\t\t\t\t\t\t\t<\/div>\n\t\t\t\t<\/div>\n\t\t\t\t\t<\/div>\n\t\t<\/div>\n\t\t\t\t\t<\/div>\n\t\t<\/section>\n\t\t\t\t<section class=\"elementor-section elementor-top-section elementor-element elementor-element-29e0c42b elementor-section-full_width elementor-section-height-default elementor-section-height-default\" data-id=\"29e0c42b\" data-element_type=\"section\" data-e-type=\"section\" data-settings=\"{&quot;background_background&quot;:&quot;classic&quot;}\">\n\t\t\t\t\t\t<div class=\"elementor-container elementor-column-gap-default\">\n\t\t\t\t\t<div class=\"elementor-column elementor-col-100 elementor-top-column elementor-element elementor-element-631b35a\" data-id=\"631b35a\" data-element_type=\"column\" data-e-type=\"column\">\n\t\t\t<div class=\"elementor-widget-wrap elementor-element-populated\">\n\t\t\t\t\t\t<div class=\"elementor-element elementor-element-8e91ab3 elementor-widget elementor-widget-heading\" data-id=\"8e91ab3\" data-element_type=\"widget\" data-e-type=\"widget\" data-widget_type=\"heading.default\">\n\t\t\t\t<div class=\"elementor-widget-container\">\n\t\t\t\t\t<h2 class=\"elementor-heading-title elementor-size-default translation-block\">\u00c0 quoi <b>s\u2019attendre<\/b> de ce programme estival ?<\/h2>\t\t\t\t<\/div>\n\t\t\t\t<\/div>\n\t\t\t\t\t<\/div>\n\t\t<\/div>\n\t\t\t\t\t<\/div>\n\t\t<\/section>\n\t\t\t\t<section class=\"elementor-section elementor-top-section elementor-element elementor-element-6a1f2cfc elementor-section-full_width elementor-section-height-default elementor-section-height-default\" data-id=\"6a1f2cfc\" data-element_type=\"section\" data-e-type=\"section\" data-settings=\"{&quot;background_background&quot;:&quot;classic&quot;}\">\n\t\t\t\t\t\t<div class=\"elementor-container elementor-column-gap-default\">\n\t\t\t\t\t<div class=\"elementor-column elementor-col-25 elementor-top-column elementor-element elementor-element-5d0b9fcf\" data-id=\"5d0b9fcf\" data-element_type=\"column\" data-e-type=\"column\">\n\t\t\t<div class=\"elementor-widget-wrap elementor-element-populated\">\n\t\t\t\t\t\t<div class=\"elementor-element elementor-element-f050a42 elementor-view-default elementor-widget elementor-widget-icon\" data-id=\"f050a42\" data-element_type=\"widget\" data-e-type=\"widget\" data-widget_type=\"icon.default\">\n\t\t\t\t<div class=\"elementor-widget-container\">\n\t\t\t\t\t\t\t<div class=\"elementor-icon-wrapper\">\n\t\t\t<div class=\"elementor-icon\">\n\t\t\t<i aria-hidden=\"true\" class=\"fas fa-check-circle\"><\/i>\t\t\t<\/div>\n\t\t<\/div>\n\t\t\t\t\t\t<\/div>\n\t\t\t\t<\/div>\n\t\t\t\t<div class=\"elementor-element elementor-element-191872ec elementor-widget elementor-widget-heading\" data-id=\"191872ec\" data-element_type=\"widget\" data-e-type=\"widget\" data-widget_type=\"heading.default\">\n\t\t\t\t<div class=\"elementor-widget-container\">\n\t\t\t\t\t<h2 class=\"elementor-heading-title elementor-size-default\">\u00c9tirements<\/h2>\t\t\t\t<\/div>\n\t\t\t\t<\/div>\n\t\t\t\t<div class=\"elementor-element elementor-element-514ebf8 elementor-widget elementor-widget-text-editor\" data-id=\"514ebf8\" data-element_type=\"widget\" data-e-type=\"widget\" data-widget_type=\"text-editor.default\">\n\t\t\t\t<div class=\"elementor-widget-container\">\n\t\t\t\t\t\t\t\t\t<p>Les enfants apprendront \u00e0 bien s\u2019\u00e9chauffer et \u00e0 s\u2019\u00e9tirer \u2014 d\u00e9veloppant ainsi la souplesse et la discipline n\u00e9cessaires pour danser en toute s\u00e9curit\u00e9 et avec confiance.<\/p>\t\t\t\t\t\t\t\t<\/div>\n\t\t\t\t<\/div>\n\t\t\t\t\t<\/div>\n\t\t<\/div>\n\t\t\t\t<div class=\"elementor-column elementor-col-25 elementor-top-column elementor-element elementor-element-535b9a59\" data-id=\"535b9a59\" data-element_type=\"column\" data-e-type=\"column\">\n\t\t\t<div class=\"elementor-widget-wrap elementor-element-populated\">\n\t\t\t\t\t\t<div class=\"elementor-element elementor-element-c33e763 elementor-view-default elementor-widget elementor-widget-icon\" data-id=\"c33e763\" data-element_type=\"widget\" data-e-type=\"widget\" data-widget_type=\"icon.default\">\n\t\t\t\t<div class=\"elementor-widget-container\">\n\t\t\t\t\t\t\t<div class=\"elementor-icon-wrapper\">\n\t\t\t<div class=\"elementor-icon\">\n\t\t\t<i aria-hidden=\"true\" class=\"fas fa-fire\"><\/i>\t\t\t<\/div>\n\t\t<\/div>\n\t\t\t\t\t\t<\/div>\n\t\t\t\t<\/div>\n\t\t\t\t<div class=\"elementor-element elementor-element-15180d19 elementor-widget elementor-widget-heading\" data-id=\"15180d19\" data-element_type=\"widget\" data-e-type=\"widget\" data-widget_type=\"heading.default\">\n\t\t\t\t<div class=\"elementor-widget-container\">\n\t\t\t\t\t<h2 class=\"elementor-heading-title elementor-size-default\">Technique<\/h2>\t\t\t\t<\/div>\n\t\t\t\t<\/div>\n\t\t\t\t<div class=\"elementor-element elementor-element-52c3e062 elementor-widget elementor-widget-text-editor\" data-id=\"52c3e062\" data-element_type=\"widget\" data-e-type=\"widget\" data-widget_type=\"text-editor.default\">\n\t\t\t\t<div class=\"elementor-widget-container\">\n\t\t\t\t\t\t\t\t\t<p>Nous introduirons la technique du jazz et sa fusion avec la danse commerciale. Chaque semaine permettra de d\u00e9couvrir une nouvelle comp\u00e9tence. La discipline rencontre la cr\u00e9ativit\u00e9\u202f!<\/p>\t\t\t\t\t\t\t\t<\/div>\n\t\t\t\t<\/div>\n\t\t\t\t\t<\/div>\n\t\t<\/div>\n\t\t\t\t<div class=\"elementor-column elementor-col-25 elementor-top-column elementor-element elementor-element-68b6b451\" data-id=\"68b6b451\" data-element_type=\"column\" data-e-type=\"column\">\n\t\t\t<div class=\"elementor-widget-wrap elementor-element-populated\">\n\t\t\t\t\t\t<div class=\"elementor-element elementor-element-50cfa7db elementor-view-default elementor-widget elementor-widget-icon\" data-id=\"50cfa7db\" data-element_type=\"widget\" data-e-type=\"widget\" data-widget_type=\"icon.default\">\n\t\t\t\t<div class=\"elementor-widget-container\">\n\t\t\t\t\t\t\t<div class=\"elementor-icon-wrapper\">\n\t\t\t<div class=\"elementor-icon\">\n\t\t\t<i aria-hidden=\"true\" class=\"fas fa-music\"><\/i>\t\t\t<\/div>\n\t\t<\/div>\n\t\t\t\t\t\t<\/div>\n\t\t\t\t<\/div>\n\t\t\t\t<div class=\"elementor-element elementor-element-68543e63 elementor-widget elementor-widget-heading\" data-id=\"68543e63\" data-element_type=\"widget\" data-e-type=\"widget\" data-widget_type=\"heading.default\">\n\t\t\t\t<div class=\"elementor-widget-container\">\n\t\t\t\t\t<h2 class=\"elementor-heading-title elementor-size-default\"> CHOR\u00c9GRAPHIE<\/h2>\t\t\t\t<\/div>\n\t\t\t\t<\/div>\n\t\t\t\t<div class=\"elementor-element elementor-element-2d26eb7a elementor-widget elementor-widget-text-editor\" data-id=\"2d26eb7a\" data-element_type=\"widget\" data-e-type=\"widget\" data-widget_type=\"text-editor.default\">\n\t\t\t\t<div class=\"elementor-widget-container\">\n\t\t\t\t\t\t\t\t\t<p>De la musicalit\u00e9 \u00e0 la coordination et \u00e0 la m\u00e9moire, les \u00e9l\u00e8ves construiront des encha\u00eenements chor\u00e9graphi\u00e9s qui renforcent la force physique et l\u2019expression de soi.<\/p>\t\t\t\t\t\t\t\t<\/div>\n\t\t\t\t<\/div>\n\t\t\t\t\t<\/div>\n\t\t<\/div>\n\t\t\t\t<div class=\"elementor-column elementor-col-25 elementor-top-column elementor-element elementor-element-21be963f\" data-id=\"21be963f\" data-element_type=\"column\" data-e-type=\"column\">\n\t\t\t<div class=\"elementor-widget-wrap elementor-element-populated\">\n\t\t\t\t\t\t<div class=\"elementor-element elementor-element-2290c87a elementor-view-default elementor-widget elementor-widget-icon\" data-id=\"2290c87a\" data-element_type=\"widget\" data-e-type=\"widget\" data-widget_type=\"icon.default\">\n\t\t\t\t<div class=\"elementor-widget-container\">\n\t\t\t\t\t\t\t<div class=\"elementor-icon-wrapper\">\n\t\t\t<div class=\"elementor-icon\">\n\t\t\t<i aria-hidden=\"true\" class=\"fas fa-heartbeat\"><\/i>\t\t\t<\/div>\n\t\t<\/div>\n\t\t\t\t\t\t<\/div>\n\t\t\t\t<\/div>\n\t\t\t\t<div class=\"elementor-element elementor-element-44bebfd7 elementor-widget elementor-widget-heading\" data-id=\"44bebfd7\" data-element_type=\"widget\" data-e-type=\"widget\" data-widget_type=\"heading.default\">\n\t\t\t\t<div class=\"elementor-widget-container\">\n\t\t\t\t\t<h2 class=\"elementor-heading-title elementor-size-default\">Prestation<\/h2>\t\t\t\t<\/div>\n\t\t\t\t<\/div>\n\t\t\t\t<div class=\"elementor-element elementor-element-2c75a14d elementor-widget elementor-widget-text-editor\" data-id=\"2c75a14d\" data-element_type=\"widget\" data-e-type=\"widget\" data-widget_type=\"text-editor.default\">\n\t\t\t\t<div class=\"elementor-widget-container\">\n\t\t\t\t\t\t\t\t\t<p>Nous terminerons avec une vid\u00e9o de danse\u202f! Les enfants exploreront la narration et les \u00e9motions \u00e0 travers le mouvement.<\/p>\t\t\t\t\t\t\t\t<\/div>\n\t\t\t\t<\/div>\n\t\t\t\t\t<\/div>\n\t\t<\/div>\n\t\t\t\t\t<\/div>\n\t\t<\/section>\n\t\t\t\t<section class=\"elementor-section elementor-top-section elementor-element elementor-element-5904a202 elementor-section-full_width elementor-section-height-default elementor-section-height-default\" data-id=\"5904a202\" data-element_type=\"section\" data-e-type=\"section\" data-settings=\"{&quot;background_background&quot;:&quot;classic&quot;}\">\n\t\t\t\t\t\t<div class=\"elementor-container elementor-column-gap-no\">\n\t\t\t\t\t<div class=\"elementor-column elementor-col-50 elementor-top-column elementor-element elementor-element-1a83944c\" data-id=\"1a83944c\" data-element_type=\"column\" data-e-type=\"column\">\n\t\t\t<div class=\"elementor-widget-wrap elementor-element-populated\">\n\t\t\t\t\t\t<div class=\"elementor-element elementor-element-2d7b567e elementor-widget-mobile__width-initial elementor-headline--style-highlight elementor-widget elementor-widget-animated-headline\" data-id=\"2d7b567e\" data-element_type=\"widget\" data-e-type=\"widget\" data-settings=\"{&quot;marker&quot;:&quot;curly&quot;,&quot;highlighted_text&quot;:&quot;INSTRUCTOR&quot;,&quot;headline_style&quot;:&quot;highlight&quot;,&quot;loop&quot;:&quot;yes&quot;,&quot;highlight_animation_duration&quot;:1200,&quot;highlight_iteration_delay&quot;:8000}\" data-widget_type=\"animated-headline.default\">\n\t\t\t\t<div class=\"elementor-widget-container\">\n\t\t\t\t\t\t\t<h3 class=\"elementor-headline translation-block\"><span class=\"elementor-headline-plain-text elementor-headline-text-wrapper\">\u00c0 PROPOS DE TON <\/span>\n<span class=\"elementor-headline-dynamic-wrapper elementor-headline-text-wrapper\">\n\t<span class=\"elementor-headline-dynamic-text elementor-headline-text-active\">INSTRUCTRICE<\/span>\n\t<\/span><\/h3>\n\t\t\t\t\t\t<\/div>\n\t\t\t\t<\/div>\n\t\t\t\t<div class=\"elementor-element elementor-element-67a5e9e0 elementor-widget__width-initial elementor-widget-tablet__width-initial elementor-widget-mobile__width-initial elementor-widget elementor-widget-text-editor\" data-id=\"67a5e9e0\" data-element_type=\"widget\" data-e-type=\"widget\" data-widget_type=\"text-editor.default\">\n\t\t\t\t<div class=\"elementor-widget-container\">\n\t\t\t\t\t\t\t\t\t<p class=\"translation-block\">Salut\u202f! Je suis <strong>Majo Tirado<\/strong>,<\/p><p class=\"translation-block\" data-start=\"160\" data-end=\"418\">Je suis danseuse professionnelle et com\u00e9dienne avec plus de 10 ans d\u2019exp\u00e9rience en th\u00e9\u00e2tre musical, ayant jou\u00e9 dans des productions comme <em data-start=\"311\" data-end=\"318\">Annie<\/em>, <em data-start=\"320\" data-end=\"331\">Hairspray<\/em> et <em data-start=\"337\" data-end=\"356\">La Famille Addams<\/em>. Mais au-del\u00e0 de la sc\u00e8ne, ma v\u00e9ritable passion, c\u2019est d\u2019enseigner aux enfants.<\/p><p class=\"\" data-start=\"420\" data-end=\"734\">Travailler avec les enfants et les ados me remplit de joie. Dans chaque cours, je cr\u00e9e un espace s\u00e9curitaire et bienveillant o\u00f9 chaque enfant peut grandir, prendre confiance et s\u2019exprimer \u00e0 travers le mouvement. On se concentre sur les \u00e9tirements, la technique de danse et la chor\u00e9graphie \u2014 toujours de mani\u00e8re ludique, stimulante et adapt\u00e9e \u00e0 leur \u00e2ge.<\/p><p class=\"\" data-start=\"736\" data-end=\"909\">Mon objectif est que chaque \u00e9l\u00e8ve se sente vu, soutenu et motiv\u00e9 \u00e0 apprendre. Que votre enfant d\u00e9bute en danse ou adore d\u00e9j\u00e0 bouger, il ou elle sera accueilli(e) \u00e0 bras ouverts.<\/p><p class=\"\" data-start=\"911\" data-end=\"1018\">Ce serait un honneur de danser avec eux cet \u00e9t\u00e9\u202f! &lt;3<\/p>\t\t\t\t\t\t\t\t<\/div>\n\t\t\t\t<\/div>\n\t\t\t\t\t<\/div>\n\t\t<\/div>\n\t\t\t\t<div class=\"elementor-column elementor-col-50 elementor-top-column elementor-element elementor-element-1687cc9a\" data-id=\"1687cc9a\" data-element_type=\"column\" data-e-type=\"column\" data-settings=\"{&quot;background_background&quot;:&quot;classic&quot;}\">\n\t\t\t<div class=\"elementor-widget-wrap elementor-element-populated\">\n\t\t\t\t\t\t<div class=\"elementor-element elementor-element-a2edb56 elementor-widget__width-initial elementor-widget-tablet__width-initial elementor-widget-mobile__width-initial e-transform elementor-widget elementor-widget-image\" data-id=\"a2edb56\" data-element_type=\"widget\" data-e-type=\"widget\" data-settings=\"{&quot;_transform_rotateZ_effect&quot;:{&quot;unit&quot;:&quot;px&quot;,&quot;size&quot;:-5,&quot;sizes&quot;:[]},&quot;_animation&quot;:&quot;none&quot;,&quot;_transform_rotateZ_effect_tablet&quot;:{&quot;unit&quot;:&quot;deg&quot;,&quot;size&quot;:&quot;&quot;,&quot;sizes&quot;:[]},&quot;_transform_rotateZ_effect_mobile&quot;:{&quot;unit&quot;:&quot;deg&quot;,&quot;size&quot;:&quot;&quot;,&quot;sizes&quot;:[]}}\" data-widget_type=\"image.default\">\n\t\t\t\t<div class=\"elementor-widget-container\">\n\t\t\t\t\t\t\t\t\t\t\t\t\t\t\t<img decoding=\"async\" width=\"800\" height=\"800\" src=\"https:\/\/rabaterapia.com\/wp-content\/uploads\/2025\/05\/Majo-1024x1024.png\" class=\"attachment-large size-large wp-image-27650\" alt=\"\" srcset=\"https:\/\/rabaterapia.com\/wp-content\/uploads\/2025\/05\/Majo-1024x1024.png 1024w, https:\/\/rabaterapia.com\/wp-content\/uploads\/2025\/05\/Majo-300x300.png 300w, https:\/\/rabaterapia.com\/wp-content\/uploads\/2025\/05\/Majo-150x150.png 150w, https:\/\/rabaterapia.com\/wp-content\/uploads\/2025\/05\/Majo-768x768.png 768w, https:\/\/rabaterapia.com\/wp-content\/uploads\/2025\/05\/Majo-12x12.png 12w, https:\/\/rabaterapia.com\/wp-content\/uploads\/2025\/05\/Majo.png 1050w\" sizes=\"(max-width: 800px) 100vw, 800px\" \/>\t\t\t\t\t\t\t\t\t\t\t\t\t\t\t<\/div>\n\t\t\t\t<\/div>\n\t\t\t\t\t<\/div>\n\t\t<\/div>\n\t\t\t\t\t<\/div>\n\t\t<\/section>\n\t\t\t\t<\/div>","protected":false},"excerpt":{"rendered":"<p>Summer Kids Dance Program 4 Weeks of Movement, Fun, and Growth! For kids ages 7 to 11 who love to dance, express themselves, and have fun! This summer, give your child the chance to grow, move, and shine! Our Kids Dance Program \u2013 Level 1 is designed for young dancers (ages 7\u201311) who are curious, [&hellip;]<\/p>\n","protected":false},"author":3,"featured_media":0,"parent":0,"menu_order":0,"comment_status":"closed","ping_status":"closed","template":"","meta":{"om_disable_all_campaigns":false,"_monsterinsights_skip_tracking":false,"_monsterinsights_sitenote_active":false,"_monsterinsights_sitenote_note":"","_monsterinsights_sitenote_category":0,"footnotes":""},"class_list":["post-27623","page","type-page","status-publish","hentry"],"aioseo_notices":[],"_links":{"self":[{"href":"https:\/\/rabaterapia.com\/fr_ca\/wp-json\/wp\/v2\/pages\/27623","targetHints":{"allow":["GET"]}}],"collection":[{"href":"https:\/\/rabaterapia.com\/fr_ca\/wp-json\/wp\/v2\/pages"}],"about":[{"href":"https:\/\/rabaterapia.com\/fr_ca\/wp-json\/wp\/v2\/types\/page"}],"author":[{"embeddable":true,"href":"https:\/\/rabaterapia.com\/fr_ca\/wp-json\/wp\/v2\/users\/3"}],"replies":[{"embeddable":true,"href":"https:\/\/rabaterapia.com\/fr_ca\/wp-json\/wp\/v2\/comments?post=27623"}],"version-history":[{"count":10,"href":"https:\/\/rabaterapia.com\/fr_ca\/wp-json\/wp\/v2\/pages\/27623\/revisions"}],"predecessor-version":[{"id":28189,"href":"https:\/\/rabaterapia.com\/fr_ca\/wp-json\/wp\/v2\/pages\/27623\/revisions\/28189"}],"wp:attachment":[{"href":"https:\/\/rabaterapia.com\/fr_ca\/wp-json\/wp\/v2\/media?parent=27623"}],"curies":[{"name":"wp","href":"https:\/\/api.w.org\/{rel}","templated":true}]}}