{"id":24832,"date":"2025-03-28T20:00:29","date_gmt":"2025-03-28T20:00:29","guid":{"rendered":"https:\/\/rabaterapia.com\/?page_id=24832"},"modified":"2026-02-27T21:29:27","modified_gmt":"2026-02-27T21:29:27","slug":"classes-3","status":"publish","type":"page","link":"https:\/\/rabaterapia.com\/fr_ca\/classes-3\/","title":{"rendered":"CLASSES | RABATERAPIA"},"content":{"rendered":"<div data-elementor-type=\"wp-page\" data-elementor-id=\"24832\" class=\"elementor elementor-24832\" data-elementor-post-type=\"page\">\n\t\t\t\t<div class=\"elementor-element elementor-element-5c97626 e-con-full e-flex e-con e-parent\" data-id=\"5c97626\" data-element_type=\"container\" data-e-type=\"container\" data-settings=\"{&quot;background_background&quot;:&quot;classic&quot;}\">\n\t\t<div class=\"elementor-element elementor-element-5259934 e-con-full e-flex e-con e-child\" data-id=\"5259934\" data-element_type=\"container\" data-e-type=\"container\" data-settings=\"{&quot;background_background&quot;:&quot;classic&quot;}\">\n\t\t\t\t<div class=\"elementor-element elementor-element-3cd8e67 elementor-widget elementor-widget-image\" data-id=\"3cd8e67\" data-element_type=\"widget\" data-e-type=\"widget\" data-widget_type=\"image.default\">\n\t\t\t\t<div class=\"elementor-widget-container\">\n\t\t\t\t\t\t\t\t\t\t\t\t\t\t\t\t<a href=\"https:\/\/rabaterapia.com\/fr_ca\/pop-funk\/\">\n\t\t\t\t\t\t\t<img fetchpriority=\"high\" decoding=\"async\" width=\"800\" height=\"800\" src=\"https:\/\/rabaterapia.com\/wp-content\/uploads\/2024\/10\/GUi_prof_-1024x1024.png\" class=\"elementor-animation-grow attachment-large size-large wp-image-19278\" alt=\"\" srcset=\"https:\/\/rabaterapia.com\/wp-content\/uploads\/2024\/10\/GUi_prof_-1024x1024.png 1024w, https:\/\/rabaterapia.com\/wp-content\/uploads\/2024\/10\/GUi_prof_-300x300.png 300w, https:\/\/rabaterapia.com\/wp-content\/uploads\/2024\/10\/GUi_prof_-150x150.png 150w, https:\/\/rabaterapia.com\/wp-content\/uploads\/2024\/10\/GUi_prof_-768x768.png 768w, https:\/\/rabaterapia.com\/wp-content\/uploads\/2024\/10\/GUi_prof_.png 1080w\" sizes=\"(max-width: 800px) 100vw, 800px\" \/>\t\t\t\t\t\t\t\t<\/a>\n\t\t\t\t\t\t\t\t\t\t\t\t\t\t\t<\/div>\n\t\t\t\t<\/div>\n\t\t\t\t<div class=\"elementor-element elementor-element-8a76608 elementor-widget elementor-widget-heading\" data-id=\"8a76608\" data-element_type=\"widget\" data-e-type=\"widget\" data-widget_type=\"heading.default\">\n\t\t\t\t<div class=\"elementor-widget-container\">\n\t\t\t\t\t<h2 class=\"elementor-heading-title elementor-size-default\"><a href=\"https:\/\/rabaterapia.com\/fr_ca\/pop-funk\/\">POP FUNK<\/a><\/h2>\t\t\t\t<\/div>\n\t\t\t\t<\/div>\n\t\t\t\t<div class=\"elementor-element elementor-element-a27e3e2 elementor-widget elementor-widget-text-editor\" data-id=\"a27e3e2\" data-element_type=\"widget\" data-e-type=\"widget\" data-widget_type=\"text-editor.default\">\n\t\t\t\t<div class=\"elementor-widget-container\">\n\t\t\t\t\t\t\t\t\t<p>Apprends une chor\u00e9graphie amusante avec le meilleur du pop et funk latino-br\u00e9silien. C\u2019est le moment de secouer ta Raba!<\/p><p><span style=\"text-decoration: underline;\"><a href=\"https:\/\/rabaterapia.com\/fr_ca\/pop-funk\/\" data-wplink-edit=\"true\"><strong>EN SAVOIR PLUS<\/strong><\/a><\/span><\/p>\t\t\t\t\t\t\t\t<\/div>\n\t\t\t\t<\/div>\n\t\t\t\t<\/div>\n\t\t<div class=\"elementor-element elementor-element-de2ccda e-con-full e-flex e-con e-child\" data-id=\"de2ccda\" data-element_type=\"container\" data-e-type=\"container\" data-settings=\"{&quot;background_background&quot;:&quot;classic&quot;}\">\n\t\t\t\t<div class=\"elementor-element elementor-element-dec6d23 elementor-widget elementor-widget-image\" data-id=\"dec6d23\" data-element_type=\"widget\" data-e-type=\"widget\" data-widget_type=\"image.default\">\n\t\t\t\t<div class=\"elementor-widget-container\">\n\t\t\t\t\t\t\t\t\t\t\t\t\t\t\t\t<a href=\"https:\/\/rabaterapia.com\/fr_ca\/step-workout\/\">\n\t\t\t\t\t\t\t<img decoding=\"async\" width=\"800\" height=\"800\" src=\"https:\/\/rabaterapia.com\/wp-content\/uploads\/2024\/10\/Pri_prof-1024x1024.png\" class=\"elementor-animation-grow attachment-large size-large wp-image-20092\" alt=\"\" srcset=\"https:\/\/rabaterapia.com\/wp-content\/uploads\/2024\/10\/Pri_prof-1024x1024.png 1024w, https:\/\/rabaterapia.com\/wp-content\/uploads\/2024\/10\/Pri_prof-300x300.png 300w, https:\/\/rabaterapia.com\/wp-content\/uploads\/2024\/10\/Pri_prof-150x150.png 150w, https:\/\/rabaterapia.com\/wp-content\/uploads\/2024\/10\/Pri_prof-768x768.png 768w, https:\/\/rabaterapia.com\/wp-content\/uploads\/2024\/10\/Pri_prof.png 1080w\" sizes=\"(max-width: 800px) 100vw, 800px\" \/>\t\t\t\t\t\t\t\t<\/a>\n\t\t\t\t\t\t\t\t\t\t\t\t\t\t\t<\/div>\n\t\t\t\t<\/div>\n\t\t\t\t<div class=\"elementor-element elementor-element-aba8ce6 elementor-widget elementor-widget-heading\" data-id=\"aba8ce6\" data-element_type=\"widget\" data-e-type=\"widget\" data-widget_type=\"heading.default\">\n\t\t\t\t<div class=\"elementor-widget-container\">\n\t\t\t\t\t<h2 class=\"elementor-heading-title elementor-size-default\"><a href=\"https:\/\/rabaterapia.com\/fr_ca\/step-workout\/\">STEP WORKOUT<\/a><\/h2>\t\t\t\t<\/div>\n\t\t\t\t<\/div>\n\t\t\t\t<div class=\"elementor-element elementor-element-a5b4857 elementor-widget elementor-widget-text-editor\" data-id=\"a5b4857\" data-element_type=\"widget\" data-e-type=\"widget\" data-widget_type=\"text-editor.default\">\n\t\t\t\t<div class=\"elementor-widget-container\">\n\t\t\t\t\t\t\t\t\t<p>Un cardio le fun en version cours de step! Plein d\u2019\u00e9nergie, parfait pour br\u00fbler des calories et renforcer tes jambes et tes fesses.<\/p><p><a href=\"https:\/\/rabaterapia.com\/fr_ca\/step-workout\/\"><span style=\"text-decoration: underline;\"><strong>EN SAVOIR PLUS<\/strong><\/span><\/a><\/p>\t\t\t\t\t\t\t\t<\/div>\n\t\t\t\t<\/div>\n\t\t\t\t<\/div>\n\t\t<div class=\"elementor-element elementor-element-a40441c e-con-full e-flex e-con e-child\" data-id=\"a40441c\" data-element_type=\"container\" data-e-type=\"container\" data-settings=\"{&quot;background_background&quot;:&quot;classic&quot;}\">\n\t\t\t\t<div class=\"elementor-element elementor-element-1912d97 elementor-widget elementor-widget-image\" data-id=\"1912d97\" data-element_type=\"widget\" data-e-type=\"widget\" data-widget_type=\"image.default\">\n\t\t\t\t<div class=\"elementor-widget-container\">\n\t\t\t\t\t\t\t\t\t\t\t\t\t\t\t\t<a href=\"https:\/\/rabaterapia.com\/fr_ca\/trampoline-fitness\/\">\n\t\t\t\t\t\t\t<img decoding=\"async\" width=\"800\" height=\"1005\" src=\"https:\/\/rabaterapia.com\/wp-content\/uploads\/2025\/06\/Dani-e1749843205999-815x1024.png\" class=\"elementor-animation-grow attachment-large size-large wp-image-29101\" alt=\"\" srcset=\"https:\/\/rabaterapia.com\/wp-content\/uploads\/2025\/06\/Dani-e1749843205999-815x1024.png 815w, https:\/\/rabaterapia.com\/wp-content\/uploads\/2025\/06\/Dani-e1749843205999-239x300.png 239w, https:\/\/rabaterapia.com\/wp-content\/uploads\/2025\/06\/Dani-e1749843205999-768x964.png 768w, https:\/\/rabaterapia.com\/wp-content\/uploads\/2025\/06\/Dani-e1749843205999-10x12.png 10w, https:\/\/rabaterapia.com\/wp-content\/uploads\/2025\/06\/Dani-e1749843205999.png 860w\" sizes=\"(max-width: 800px) 100vw, 800px\" \/>\t\t\t\t\t\t\t\t<\/a>\n\t\t\t\t\t\t\t\t\t\t\t\t\t\t\t<\/div>\n\t\t\t\t<\/div>\n\t\t\t\t<div class=\"elementor-element elementor-element-debdf42 elementor-widget elementor-widget-heading\" data-id=\"debdf42\" data-element_type=\"widget\" data-e-type=\"widget\" data-widget_type=\"heading.default\">\n\t\t\t\t<div class=\"elementor-widget-container\">\n\t\t\t\t\t<h2 class=\"elementor-heading-title elementor-size-default\"><a href=\"https:\/\/rabaterapia.com\/fr_ca\/tiktok-trends\/\">TRAMPOLINE<\/a><\/h2>\t\t\t\t<\/div>\n\t\t\t\t<\/div>\n\t\t\t\t<div class=\"elementor-element elementor-element-eacf81f elementor-widget elementor-widget-text-editor\" data-id=\"eacf81f\" data-element_type=\"widget\" data-e-type=\"widget\" data-widget_type=\"text-editor.default\">\n\t\t\t\t<div class=\"elementor-widget-container\">\n\t\t\t\t\t\t\t\t\t<p data-start=\"0\" data-end=\"79\">Un cours dynamique et joyeux pour sauter, bouger et d\u00e9velopper la confiance!<\/p><p data-start=\"81\" data-end=\"105\" data-is-last-node=\"\" data-is-only-node=\"\"><span style=\"text-decoration: underline;\"><strong><a href=\"https:\/\/rabaterapia.com\/fr_ca\/trampoline-fitness\/\">EN SAVOIR PLUS<\/a><\/strong><\/span><\/p>\t\t\t\t\t\t\t\t<\/div>\n\t\t\t\t<\/div>\n\t\t\t\t<\/div>\n\t\t<div class=\"elementor-element elementor-element-954cb1f e-con-full e-flex e-con e-child\" data-id=\"954cb1f\" data-element_type=\"container\" data-e-type=\"container\" data-settings=\"{&quot;background_background&quot;:&quot;classic&quot;}\">\n\t\t\t\t<div class=\"elementor-element elementor-element-bfc2fc3 elementor-widget elementor-widget-image\" data-id=\"bfc2fc3\" data-element_type=\"widget\" data-e-type=\"widget\" data-widget_type=\"image.default\">\n\t\t\t\t<div class=\"elementor-widget-container\">\n\t\t\t\t\t\t\t\t\t\t\t\t\t\t\t\t<a href=\"https:\/\/rabaterapia.com\/fr_ca\/reggaeton\/\">\n\t\t\t\t\t\t\t<img loading=\"lazy\" decoding=\"async\" width=\"800\" height=\"800\" src=\"https:\/\/rabaterapia.com\/wp-content\/uploads\/2025\/02\/Professores_MOBILE-1024x1024.png\" class=\"elementor-animation-grow attachment-large size-large wp-image-23639\" alt=\"\" srcset=\"https:\/\/rabaterapia.com\/wp-content\/uploads\/2025\/02\/Professores_MOBILE-1024x1024.png 1024w, https:\/\/rabaterapia.com\/wp-content\/uploads\/2025\/02\/Professores_MOBILE-300x300.png 300w, https:\/\/rabaterapia.com\/wp-content\/uploads\/2025\/02\/Professores_MOBILE-150x150.png 150w, https:\/\/rabaterapia.com\/wp-content\/uploads\/2025\/02\/Professores_MOBILE-768x768.png 768w, https:\/\/rabaterapia.com\/wp-content\/uploads\/2025\/02\/Professores_MOBILE-12x12.png 12w, https:\/\/rabaterapia.com\/wp-content\/uploads\/2025\/02\/Professores_MOBILE.png 1080w\" sizes=\"(max-width: 800px) 100vw, 800px\" \/>\t\t\t\t\t\t\t\t<\/a>\n\t\t\t\t\t\t\t\t\t\t\t\t\t\t\t<\/div>\n\t\t\t\t<\/div>\n\t\t\t\t<div class=\"elementor-element elementor-element-ddf2934 elementor-widget elementor-widget-heading\" data-id=\"ddf2934\" data-element_type=\"widget\" data-e-type=\"widget\" data-widget_type=\"heading.default\">\n\t\t\t\t<div class=\"elementor-widget-container\">\n\t\t\t\t\t<h2 class=\"elementor-heading-title elementor-size-default\"><a href=\"https:\/\/rabaterapia.com\/fr_ca\/montreal-heels-dance-class\/\">REGGAETON <\/a><\/h2>\t\t\t\t<\/div>\n\t\t\t\t<\/div>\n\t\t\t\t<div class=\"elementor-element elementor-element-0e7b8d9 elementor-widget elementor-widget-text-editor\" data-id=\"0e7b8d9\" data-element_type=\"widget\" data-e-type=\"widget\" data-widget_type=\"text-editor.default\">\n\t\t\t\t<div class=\"elementor-widget-container\">\n\t\t\t\t\t\t\t\t\t<p>Des rythmes latins et hip-hop dans un cours de danse amusant et plein d\u2019attitude.<\/p><p><a href=\"https:\/\/rabaterapia.com\/fr_ca\/reggaeton\/\"><span style=\"text-decoration: underline;\"><strong>EN SAVOIR PLUS<\/strong><\/span><\/a><\/p>\t\t\t\t\t\t\t\t<\/div>\n\t\t\t\t<\/div>\n\t\t\t\t<\/div>\n\t\t\t\t<\/div>\n\t\t<div class=\"elementor-element elementor-element-62ce4ab e-con-full e-flex e-con e-parent\" data-id=\"62ce4ab\" data-element_type=\"container\" data-e-type=\"container\" data-settings=\"{&quot;background_background&quot;:&quot;classic&quot;}\">\n\t\t<div class=\"elementor-element elementor-element-5f4ef9e e-con-full e-flex e-con e-child\" data-id=\"5f4ef9e\" data-element_type=\"container\" data-e-type=\"container\" data-settings=\"{&quot;background_background&quot;:&quot;classic&quot;}\">\n\t\t\t\t<div class=\"elementor-element elementor-element-57060eb elementor-widget elementor-widget-heading\" data-id=\"57060eb\" data-element_type=\"widget\" data-e-type=\"widget\" data-widget_type=\"heading.default\">\n\t\t\t\t<div class=\"elementor-widget-container\">\n\t\t\t\t\t<h2 class=\"elementor-heading-title elementor-size-default\"><a href=\"https:\/\/rabaterapia.com\/fr_ca\/yoga\/\">YOGA LENT<\/a><\/h2>\t\t\t\t<\/div>\n\t\t\t\t<\/div>\n\t\t\t\t<div class=\"elementor-element elementor-element-1d73fec elementor-widget elementor-widget-image\" data-id=\"1d73fec\" data-element_type=\"widget\" data-e-type=\"widget\" data-widget_type=\"image.default\">\n\t\t\t\t<div class=\"elementor-widget-container\">\n\t\t\t\t\t\t\t\t\t\t\t\t\t\t\t\t<a href=\"https:\/\/rabaterapia.com\/fr_ca\/yoga\/\">\n\t\t\t\t\t\t\t<img loading=\"lazy\" decoding=\"async\" width=\"800\" height=\"800\" src=\"https:\/\/rabaterapia.com\/wp-content\/uploads\/2025\/10\/Tala_Yoga_Rabaterapia-1024x1024.png\" class=\"elementor-animation-grow attachment-large size-large wp-image-33542\" alt=\"\" srcset=\"https:\/\/rabaterapia.com\/wp-content\/uploads\/2025\/10\/Tala_Yoga_Rabaterapia-1024x1024.png 1024w, https:\/\/rabaterapia.com\/wp-content\/uploads\/2025\/10\/Tala_Yoga_Rabaterapia-300x300.png 300w, https:\/\/rabaterapia.com\/wp-content\/uploads\/2025\/10\/Tala_Yoga_Rabaterapia-150x150.png 150w, https:\/\/rabaterapia.com\/wp-content\/uploads\/2025\/10\/Tala_Yoga_Rabaterapia-768x768.png 768w, https:\/\/rabaterapia.com\/wp-content\/uploads\/2025\/10\/Tala_Yoga_Rabaterapia-12x12.png 12w, https:\/\/rabaterapia.com\/wp-content\/uploads\/2025\/10\/Tala_Yoga_Rabaterapia.png 1080w\" sizes=\"(max-width: 800px) 100vw, 800px\" \/>\t\t\t\t\t\t\t\t<\/a>\n\t\t\t\t\t\t\t\t\t\t\t\t\t\t\t<\/div>\n\t\t\t\t<\/div>\n\t\t\t\t<div class=\"elementor-element elementor-element-356327d elementor-widget elementor-widget-text-editor\" data-id=\"356327d\" data-element_type=\"widget\" data-e-type=\"widget\" data-widget_type=\"text-editor.default\">\n\t\t\t\t<div class=\"elementor-widget-container\">\n\t\t\t\t\t\t\t\t\t<p>Reconnecte-toi \u00e0 toi-m\u00eame et trouve l\u2019\u00e9quilibre gr\u00e2ce \u00e0 la respiration, au mouvement et \u00e0 la pleine conscience.<\/p><p><a href=\"https:\/\/rabaterapia.com\/fr_ca\/yoga\/\"><span style=\"text-decoration: underline;\"><strong>EN SAVOIR PLUS<\/strong><\/span><\/a><\/p>\t\t\t\t\t\t\t\t<\/div>\n\t\t\t\t<\/div>\n\t\t\t\t<\/div>\n\t\t<div class=\"elementor-element elementor-element-1369013 e-con-full e-flex e-con e-child\" data-id=\"1369013\" data-element_type=\"container\" data-e-type=\"container\" data-settings=\"{&quot;background_background&quot;:&quot;classic&quot;}\">\n\t\t\t\t<div class=\"elementor-element elementor-element-7d67c6c elementor-widget elementor-widget-heading\" data-id=\"7d67c6c\" data-element_type=\"widget\" data-e-type=\"widget\" data-widget_type=\"heading.default\">\n\t\t\t\t<div class=\"elementor-widget-container\">\n\t\t\t\t\t<h2 class=\"elementor-heading-title elementor-size-default\"><a href=\"https:\/\/rabaterapia.com\/fr_ca\/montreal-mat-pilates\/\">MAT PILATES<\/a><\/h2>\t\t\t\t<\/div>\n\t\t\t\t<\/div>\n\t\t\t\t<div class=\"elementor-element elementor-element-c884dac elementor-widget elementor-widget-image\" data-id=\"c884dac\" data-element_type=\"widget\" data-e-type=\"widget\" data-widget_type=\"image.default\">\n\t\t\t\t<div class=\"elementor-widget-container\">\n\t\t\t\t\t\t\t\t\t\t\t\t\t\t\t\t<a href=\"https:\/\/rabaterapia.com\/fr_ca\/montreal-mat-pilates\/\">\n\t\t\t\t\t\t\t<img loading=\"lazy\" decoding=\"async\" width=\"800\" height=\"800\" src=\"https:\/\/rabaterapia.com\/wp-content\/uploads\/2025\/09\/ANNE-1024x1024.png\" class=\"elementor-animation-grow attachment-large size-large wp-image-32873\" alt=\"\" srcset=\"https:\/\/rabaterapia.com\/wp-content\/uploads\/2025\/09\/ANNE-1024x1024.png 1024w, https:\/\/rabaterapia.com\/wp-content\/uploads\/2025\/09\/ANNE-300x300.png 300w, https:\/\/rabaterapia.com\/wp-content\/uploads\/2025\/09\/ANNE-150x150.png 150w, https:\/\/rabaterapia.com\/wp-content\/uploads\/2025\/09\/ANNE-768x768.png 768w, https:\/\/rabaterapia.com\/wp-content\/uploads\/2025\/09\/ANNE-12x12.png 12w, https:\/\/rabaterapia.com\/wp-content\/uploads\/2025\/09\/ANNE.png 1080w\" sizes=\"(max-width: 800px) 100vw, 800px\" \/>\t\t\t\t\t\t\t\t<\/a>\n\t\t\t\t\t\t\t\t\t\t\t\t\t\t\t<\/div>\n\t\t\t\t<\/div>\n\t\t\t\t<div class=\"elementor-element elementor-element-ec26214 elementor-widget elementor-widget-text-editor\" data-id=\"ec26214\" data-element_type=\"widget\" data-e-type=\"widget\" data-widget_type=\"text-editor.default\">\n\t\t\t\t<div class=\"elementor-widget-container\">\n\t\t\t\t\t\t\t\t\t<p>Un entra\u00eenement sur tapis pour renforcer, \u00e9tirer et am\u00e9liorer ton endurance.<\/p><p><a href=\"https:\/\/rabaterapia.com\/fr_ca\/montreal-mat-pilates\/\"><span style=\"text-decoration: underline;\"><strong>EN SAVOIR PLUS<\/strong><\/span><\/a><\/p>\t\t\t\t\t\t\t\t<\/div>\n\t\t\t\t<\/div>\n\t\t\t\t<\/div>\n\t\t<div class=\"elementor-element elementor-element-18a0771 e-con-full e-flex e-con e-child\" data-id=\"18a0771\" data-element_type=\"container\" data-e-type=\"container\" data-settings=\"{&quot;background_background&quot;:&quot;classic&quot;}\">\n\t\t\t\t<div class=\"elementor-element elementor-element-8b1b396 elementor-widget elementor-widget-heading\" data-id=\"8b1b396\" data-element_type=\"widget\" data-e-type=\"widget\" data-widget_type=\"heading.default\">\n\t\t\t\t<div class=\"elementor-widget-container\">\n\t\t\t\t\t<h2 class=\"elementor-heading-title elementor-size-default\"><a href=\"https:\/\/rabaterapia.com\/fr_ca\/reggaeton\/\">EN LIGNE<\/a><\/h2>\t\t\t\t<\/div>\n\t\t\t\t<\/div>\n\t\t\t\t<div class=\"elementor-element elementor-element-7a25bd4 elementor-widget elementor-widget-image\" data-id=\"7a25bd4\" data-element_type=\"widget\" data-e-type=\"widget\" data-widget_type=\"image.default\">\n\t\t\t\t<div class=\"elementor-widget-container\">\n\t\t\t\t\t\t\t\t\t\t\t\t\t\t\t\t<a href=\"https:\/\/rabaterapia.com\/fr_ca\/online\/\">\n\t\t\t\t\t\t\t<img loading=\"lazy\" decoding=\"async\" width=\"800\" height=\"800\" src=\"https:\/\/rabaterapia.com\/wp-content\/uploads\/2025\/07\/Aula_Online-1024x1024.png\" class=\"elementor-animation-grow attachment-large size-large wp-image-30356\" alt=\"\" srcset=\"https:\/\/rabaterapia.com\/wp-content\/uploads\/2025\/07\/Aula_Online-1024x1024.png 1024w, https:\/\/rabaterapia.com\/wp-content\/uploads\/2025\/07\/Aula_Online-300x300.png 300w, https:\/\/rabaterapia.com\/wp-content\/uploads\/2025\/07\/Aula_Online-150x150.png 150w, https:\/\/rabaterapia.com\/wp-content\/uploads\/2025\/07\/Aula_Online-768x768.png 768w, https:\/\/rabaterapia.com\/wp-content\/uploads\/2025\/07\/Aula_Online-1536x1536.png 1536w, https:\/\/rabaterapia.com\/wp-content\/uploads\/2025\/07\/Aula_Online-12x12.png 12w, https:\/\/rabaterapia.com\/wp-content\/uploads\/2025\/07\/Aula_Online.png 1755w\" sizes=\"(max-width: 800px) 100vw, 800px\" \/>\t\t\t\t\t\t\t\t<\/a>\n\t\t\t\t\t\t\t\t\t\t\t\t\t\t\t<\/div>\n\t\t\t\t<\/div>\n\t\t\t\t<div class=\"elementor-element elementor-element-902a6ad elementor-widget elementor-widget-text-editor\" data-id=\"902a6ad\" data-element_type=\"widget\" data-e-type=\"widget\" data-widget_type=\"text-editor.default\">\n\t\t\t\t<div class=\"elementor-widget-container\">\n\t\t\t\t\t\t\t\t\t<p>Live and pre-recorded Rabaterapia classes that you can do anywhere, and at anytime.<\/p><p><a href=\"https:\/\/rabaterapia.com\/fr_ca\/online\/\"><span style=\"text-decoration: underline;\"><strong>EN SAVOIR PLUS<\/strong><\/span><\/a><\/p>\t\t\t\t\t\t\t\t<\/div>\n\t\t\t\t<\/div>\n\t\t\t\t<\/div>\n\t\t<div class=\"elementor-element elementor-element-cb0732d e-con-full e-flex e-con e-child\" data-id=\"cb0732d\" data-element_type=\"container\" data-e-type=\"container\" data-settings=\"{&quot;background_background&quot;:&quot;classic&quot;}\">\n\t\t\t\t<div class=\"elementor-element elementor-element-6d28b73 elementor-widget elementor-widget-image\" data-id=\"6d28b73\" data-element_type=\"widget\" data-e-type=\"widget\" data-widget_type=\"image.default\">\n\t\t\t\t<div class=\"elementor-widget-container\">\n\t\t\t\t\t\t\t\t\t\t\t\t\t\t\t<img loading=\"lazy\" decoding=\"async\" width=\"800\" height=\"911\" src=\"https:\/\/rabaterapia.com\/wp-content\/uploads\/2025\/04\/Simbolo-raba-biquini-pretorosa-899x1024.png\" class=\"attachment-large size-large wp-image-26069\" alt=\"\" srcset=\"https:\/\/rabaterapia.com\/wp-content\/uploads\/2025\/04\/Simbolo-raba-biquini-pretorosa-899x1024.png 899w, https:\/\/rabaterapia.com\/wp-content\/uploads\/2025\/04\/Simbolo-raba-biquini-pretorosa-263x300.png 263w, https:\/\/rabaterapia.com\/wp-content\/uploads\/2025\/04\/Simbolo-raba-biquini-pretorosa-768x875.png 768w, https:\/\/rabaterapia.com\/wp-content\/uploads\/2025\/04\/Simbolo-raba-biquini-pretorosa-1349x1536.png 1349w, https:\/\/rabaterapia.com\/wp-content\/uploads\/2025\/04\/Simbolo-raba-biquini-pretorosa-1798x2048.png 1798w, https:\/\/rabaterapia.com\/wp-content\/uploads\/2025\/04\/Simbolo-raba-biquini-pretorosa-11x12.png 11w, https:\/\/rabaterapia.com\/wp-content\/uploads\/2025\/04\/Simbolo-raba-biquini-pretorosa.png 1828w\" sizes=\"(max-width: 800px) 100vw, 800px\" \/>\t\t\t\t\t\t\t\t\t\t\t\t\t\t\t<\/div>\n\t\t\t\t<\/div>\n\t\t\t\t<\/div>\n\t\t\t\t<\/div>\n\t\t\t\t<\/div>","protected":false},"excerpt":{"rendered":"<p>POP FUNK Learn a fun choreography with the best of Latin\/Brazilian pop &amp; funk! It is time to shake that Raba! LEARN MORE STEP WORKOUT A high-energy step class to burn calories and tone legs and glutes. LEARN MORE TRAMPOLINE A high-energy and joyful class to jump, bounce, and build confidence! LEARN MORE REGGAETON Latin [&hellip;]<\/p>\n","protected":false},"author":3,"featured_media":0,"parent":0,"menu_order":0,"comment_status":"closed","ping_status":"closed","template":"","meta":{"om_disable_all_campaigns":false,"_monsterinsights_skip_tracking":false,"_monsterinsights_sitenote_active":false,"_monsterinsights_sitenote_note":"","_monsterinsights_sitenote_category":0,"footnotes":""},"class_list":["post-24832","page","type-page","status-publish","hentry"],"aioseo_notices":[],"_links":{"self":[{"href":"https:\/\/rabaterapia.com\/fr_ca\/wp-json\/wp\/v2\/pages\/24832","targetHints":{"allow":["GET"]}}],"collection":[{"href":"https:\/\/rabaterapia.com\/fr_ca\/wp-json\/wp\/v2\/pages"}],"about":[{"href":"https:\/\/rabaterapia.com\/fr_ca\/wp-json\/wp\/v2\/types\/page"}],"author":[{"embeddable":true,"href":"https:\/\/rabaterapia.com\/fr_ca\/wp-json\/wp\/v2\/users\/3"}],"replies":[{"embeddable":true,"href":"https:\/\/rabaterapia.com\/fr_ca\/wp-json\/wp\/v2\/comments?post=24832"}],"version-history":[{"count":10,"href":"https:\/\/rabaterapia.com\/fr_ca\/wp-json\/wp\/v2\/pages\/24832\/revisions"}],"predecessor-version":[{"id":37588,"href":"https:\/\/rabaterapia.com\/fr_ca\/wp-json\/wp\/v2\/pages\/24832\/revisions\/37588"}],"wp:attachment":[{"href":"https:\/\/rabaterapia.com\/fr_ca\/wp-json\/wp\/v2\/media?parent=24832"}],"curies":[{"name":"wp","href":"https:\/\/api.w.org\/{rel}","templated":true}]}}