{"id":16786,"date":"2024-06-11T20:44:53","date_gmt":"2024-06-11T20:44:53","guid":{"rendered":"https:\/\/rabaterapia.com\/?page_id=16786"},"modified":"2024-08-27T18:50:24","modified_gmt":"2024-08-27T18:50:24","slug":"feedback-rabaterapia","status":"publish","type":"page","link":"https:\/\/rabaterapia.com\/fr_ca\/feedback-rabaterapia\/","title":{"rendered":"FEEDBACK RABATERAPIA"},"content":{"rendered":"\t\t<div data-elementor-type=\"wp-page\" data-elementor-id=\"16786\" class=\"elementor elementor-16786\" data-elementor-post-type=\"page\">\n\t\t\t\t\t\t<section class=\"elementor-section elementor-top-section elementor-element elementor-element-9518d37 elementor-section-content-middle elementor-section-boxed elementor-section-height-default elementor-section-height-default\" data-id=\"9518d37\" data-element_type=\"section\" data-e-type=\"section\">\n\t\t\t\t\t\t<div class=\"elementor-container elementor-column-gap-no\">\n\t\t\t\t\t<div class=\"elementor-column elementor-col-100 elementor-top-column elementor-element elementor-element-5e09884e\" data-id=\"5e09884e\" data-element_type=\"column\" data-e-type=\"column\">\n\t\t\t<div class=\"elementor-widget-wrap elementor-element-populated\">\n\t\t\t\t\t\t<div class=\"elementor-element elementor-element-c6e2030 elementor-widget elementor-widget-heading\" data-id=\"c6e2030\" data-element_type=\"widget\" data-e-type=\"widget\" data-widget_type=\"heading.default\">\n\t\t\t\t<div class=\"elementor-widget-container\">\n\t\t\t\t\t<h4 class=\"elementor-heading-title elementor-size-default\">Nos conte sobre sua experi\u00eancia <\/h4>\t\t\t\t<\/div>\n\t\t\t\t<\/div>\n\t\t\t\t<div class=\"elementor-element elementor-element-1c2a4b9 elementor-widget elementor-widget-text-editor\" data-id=\"1c2a4b9\" data-element_type=\"widget\" data-e-type=\"widget\" data-widget_type=\"text-editor.default\">\n\t\t\t\t<div class=\"elementor-widget-container\">\n\t\t\t\t\t\t\t\t\t<p>Se voc\u00ea cancelou, pausou ou trocou a sua assinatura com a Rabaterapia, n\u00f3s adorar\u00edamos entender como poder\u00edamos melhorar nossos servi\u00e7os e aulas. Este formul\u00e1rio r\u00e1pido \u00e9 uma chance de compartilhar suas impress\u00f5es e sugest\u00f5es com a gente.\u00a0<\/p>\t\t\t\t\t\t\t\t<\/div>\n\t\t\t\t<\/div>\n\t\t\t\t<div class=\"elementor-element elementor-element-e18d812 elementor-button-align-start elementor-mobile-button-align-center elementor-widget elementor-widget-form\" data-id=\"e18d812\" data-element_type=\"widget\" data-e-type=\"widget\" data-settings=\"{&quot;step_next_label&quot;:&quot;Next&quot;,&quot;step_previous_label&quot;:&quot;Previous&quot;,&quot;button_width&quot;:&quot;100&quot;,&quot;step_type&quot;:&quot;number_text&quot;,&quot;step_icon_shape&quot;:&quot;circle&quot;}\" data-widget_type=\"form.default\">\n\t\t\t\t<div class=\"elementor-widget-container\">\n\t\t\t\t\t\t\t<form class=\"elementor-form\" method=\"post\" id=\"feedback_form\" name=\"New Form\" aria-label=\"New Form\">\n\t\t\t<input type=\"hidden\" name=\"post_id\" value=\"16786\"\/>\n\t\t\t<input type=\"hidden\" name=\"form_id\" value=\"e18d812\"\/>\n\t\t\t<input type=\"hidden\" name=\"referer_title\" value=\"FEEDBACK RABATERAPIA\" \/>\n\n\t\t\t\t\t\t\t<input type=\"hidden\" name=\"queried_id\" value=\"16786\"\/>\n\t\t\t\n\t\t\t<div class=\"elementor-form-fields-wrapper elementor-labels-above\">\n\t\t\t\t\t\t\t\t<div class=\"elementor-field-type-text elementor-field-group elementor-column elementor-field-group-email elementor-col-60 elementor-field-required\">\n\t\t\t\t\t\t\t\t\t\t\t\t<label for=\"form-field-email\" class=\"elementor-field-label\">\n\t\t\t\t\t\t\t\tNome completo:\t\t\t\t\t\t\t<\/label>\n\t\t\t\t\t\t\t\t\t\t\t\t\t\t<input size=\"1\" type=\"text\" name=\"form_fields[email]\" id=\"form-field-email\" class=\"elementor-field elementor-size-sm  elementor-field-textual\" placeholder=\"Para responder anonimamente, basta deixar este campo em branco\" required=\"required\">\n\t\t\t\t\t\t\t\t\t\t\t<\/div>\n\t\t\t\t\t\t\t\t<div class=\"elementor-field-type-checkbox elementor-field-group elementor-column elementor-field-group-field_0dba0b1 elementor-col-100\">\n\t\t\t\t\t\t\t\t\t\t\t\t<label for=\"form-field-field_0dba0b1\" class=\"elementor-field-label\">\n\t\t\t\t\t\t\t\tQual \u00e9 o principal motivo para voc\u00ea estar cancelando, pausando ou trocando sua assinatura?\t\t\t\t\t\t\t<\/label>\n\t\t\t\t\t\t<div class=\"elementor-field-subgroup  \"><span class=\"elementor-field-option\"><input type=\"checkbox\" value=\"Problemas financeiros\" id=\"form-field-field_0dba0b1-0\" name=\"form_fields[field_0dba0b1][]\"> <label for=\"form-field-field_0dba0b1-0\">Problemas financeiros<\/label><\/span><span class=\"elementor-field-option\"><input type=\"checkbox\" value=\"Viagem ou mudan\u00e7a de endere\u00e7o\" id=\"form-field-field_0dba0b1-1\" name=\"form_fields[field_0dba0b1][]\"> <label for=\"form-field-field_0dba0b1-1\">Viagem ou mudan\u00e7a de endere\u00e7o<\/label><\/span><span class=\"elementor-field-option\"><input type=\"checkbox\" value=\"Insatisfa\u00e7\u00e3o com atendimento, aulas e\/ou instrutores\" id=\"form-field-field_0dba0b1-2\" name=\"form_fields[field_0dba0b1][]\"> <label for=\"form-field-field_0dba0b1-2\">Insatisfa\u00e7\u00e3o com atendimento, aulas e\/ou instrutores<\/label><\/span><span class=\"elementor-field-option\"><input type=\"checkbox\" value=\"Falta de tempo para participar das aulas\" id=\"form-field-field_0dba0b1-3\" name=\"form_fields[field_0dba0b1][]\"> <label for=\"form-field-field_0dba0b1-3\">Falta de tempo para participar das aulas<\/label><\/span><span class=\"elementor-field-option\"><input type=\"checkbox\" value=\"Problemas de sa\u00fade ou les\u00f5es que impedem a pr\u00e1tica da dan\u00e7a\" id=\"form-field-field_0dba0b1-4\" name=\"form_fields[field_0dba0b1][]\"> <label for=\"form-field-field_0dba0b1-4\">Problemas de sa\u00fade ou les\u00f5es que impedem a pr\u00e1tica da dan\u00e7a<\/label><\/span><span class=\"elementor-field-option\"><input type=\"checkbox\" value=\"Encontrei outra escola que melhor atende \u00e0s minhas necessidades\" id=\"form-field-field_0dba0b1-5\" name=\"form_fields[field_0dba0b1][]\"> <label for=\"form-field-field_0dba0b1-5\">Encontrei outra escola que melhor atende \u00e0s minhas necessidades<\/label><\/span><span class=\"elementor-field-option\"><input type=\"checkbox\" value=\"Outros motivos\" id=\"form-field-field_0dba0b1-6\" name=\"form_fields[field_0dba0b1][]\"> <label for=\"form-field-field_0dba0b1-6\">Outros motivos<\/label><\/span><\/div>\t\t\t\t<\/div>\n\t\t\t\t\t\t\t\t<div class=\"elementor-field-type-textarea elementor-field-group elementor-column elementor-field-group-field_a96f917 elementor-col-80\">\n\t\t\t\t\t\t\t\t\t\t\t\t<label for=\"form-field-field_a96f917\" class=\"elementor-field-label\">\n\t\t\t\t\t\t\t\tSe voc\u00ea selecionou \"outros motivos\" poderia compartilhar conosco quais s\u00e3o?\t\t\t\t\t\t\t<\/label>\n\t\t\t\t\t\t<textarea class=\"elementor-field-textual elementor-field  elementor-size-sm\" name=\"form_fields[field_a96f917]\" id=\"form-field-field_a96f917\" rows=\"2\"><\/textarea>\t\t\t\t<\/div>\n\t\t\t\t\t\t\t\t<div class=\"elementor-field-type-textarea elementor-field-group elementor-column elementor-field-group-field_2354129 elementor-col-80\">\n\t\t\t\t\t\t\t\t\t\t\t\t<label for=\"form-field-field_2354129\" class=\"elementor-field-label\">\n\t\t\t\t\t\t\t\tH\u00e1 algo que poder\u00edamos ter feito para evitar o cancelamento, pausa, ou troca da sua assinatura?\t\t\t\t\t\t\t<\/label>\n\t\t\t\t\t\t<textarea class=\"elementor-field-textual elementor-field  elementor-size-sm\" name=\"form_fields[field_2354129]\" id=\"form-field-field_2354129\" rows=\"5\"><\/textarea>\t\t\t\t<\/div>\n\t\t\t\t\t\t\t\t<div class=\"elementor-field-group elementor-column elementor-field-type-submit elementor-col-100 e-form__buttons\">\n\t\t\t\t\t<button class=\"elementor-button elementor-size-md\" type=\"submit\">\n\t\t\t\t\t\t<span class=\"elementor-button-content-wrapper\">\n\t\t\t\t\t\t\t\t\t\t\t\t\t\t\t\t\t\t\t\t\t\t<span class=\"elementor-button-text\">ENVIAR<\/span>\n\t\t\t\t\t\t\t\t\t\t\t\t\t<\/span>\n\t\t\t\t\t<\/button>\n\t\t\t\t<\/div>\n\t\t\t<\/div>\n\t\t<\/form>\n\t\t\t\t\t\t<\/div>\n\t\t\t\t<\/div>\n\t\t\t\t\t<\/div>\n\t\t<\/div>\n\t\t\t\t\t<\/div>\n\t\t<\/section>\n\t\t\t\t<\/div>\n\t\t","protected":false},"excerpt":{"rendered":"<p>Nos conte sobre sua experi\u00eancia Se voc\u00ea cancelou, pausou ou trocou a sua assinatura com a Rabaterapia, n\u00f3s adorar\u00edamos entender como poder\u00edamos melhorar nossos servi\u00e7os e aulas. Este formul\u00e1rio r\u00e1pido \u00e9 uma chance de compartilhar suas impress\u00f5es e sugest\u00f5es com a gente.\u00a0<\/p>","protected":false},"author":3,"featured_media":0,"parent":0,"menu_order":0,"comment_status":"closed","ping_status":"closed","template":"","meta":{"om_disable_all_campaigns":false,"_monsterinsights_skip_tracking":false,"_monsterinsights_sitenote_active":false,"_monsterinsights_sitenote_note":"","_monsterinsights_sitenote_category":0,"footnotes":""},"class_list":["post-16786","page","type-page","status-publish","hentry"],"aioseo_notices":[],"_links":{"self":[{"href":"https:\/\/rabaterapia.com\/fr_ca\/wp-json\/wp\/v2\/pages\/16786","targetHints":{"allow":["GET"]}}],"collection":[{"href":"https:\/\/rabaterapia.com\/fr_ca\/wp-json\/wp\/v2\/pages"}],"about":[{"href":"https:\/\/rabaterapia.com\/fr_ca\/wp-json\/wp\/v2\/types\/page"}],"author":[{"embeddable":true,"href":"https:\/\/rabaterapia.com\/fr_ca\/wp-json\/wp\/v2\/users\/3"}],"replies":[{"embeddable":true,"href":"https:\/\/rabaterapia.com\/fr_ca\/wp-json\/wp\/v2\/comments?post=16786"}],"version-history":[{"count":10,"href":"https:\/\/rabaterapia.com\/fr_ca\/wp-json\/wp\/v2\/pages\/16786\/revisions"}],"predecessor-version":[{"id":17745,"href":"https:\/\/rabaterapia.com\/fr_ca\/wp-json\/wp\/v2\/pages\/16786\/revisions\/17745"}],"wp:attachment":[{"href":"https:\/\/rabaterapia.com\/fr_ca\/wp-json\/wp\/v2\/media?parent=16786"}],"curies":[{"name":"wp","href":"https:\/\/api.w.org\/{rel}","templated":true}]}}